{"id":5587,"date":"2024-07-17T10:56:09","date_gmt":"2024-07-17T08:56:09","guid":{"rendered":"https:\/\/revomax.auxodev2.dk\/?post_type=product&#038;p=5587"},"modified":"2025-08-05T12:57:31","modified_gmt":"2025-08-05T10:57:31","slug":"revomax-boerste","status":"publish","type":"product","link":"https:\/\/revomax.auxodev2.dk\/de\/produkt\/revomax-boerste\/","title":{"rendered":"Revomax Sisal Holz Eco B\u00fcrste"},"content":{"rendered":"<p><strong>Machen Sie die Flaschenreinigung einfach und nachhaltig mit unserem umweltfreundlichen Sisal-Flaschenreiniger.<\/strong><\/p>\n<p>Die B\u00fcrste hat einen langen Holzgriff, rostfreien Stahl und nat\u00fcrliche Sisalfasern, die selbst die engsten Flaschen reinigen, ohne zu kratzen. Mit der praktischen Schlaufe l\u00e4sst sich die B\u00fcrste zum schnellen und hygienischen Trocknen einfach aufh\u00e4ngen. Sie eignet sich auch f\u00fcr Vasen, Gl\u00e4ser und Babyflaschen.<\/p>\n<p>Bei der Entwicklung unserer Flaschenb\u00fcrste wurde sowohl auf Funktionalit\u00e4t als auch auf Nachhaltigkeit geachtet.<\/p>","protected":false},"excerpt":{"rendered":"<p>G\u00f8r flaskereng\u00f8ring nem og b\u00e6redygtig med vores milj\u00f8venlige sisal flaskerenser. B\u00f8rsten har et langt tr\u00e6h\u00e5ndtag, rustfrit st\u00e5l og naturlige sisalfibre, der reng\u00f8r selv de smalleste flasker uden at ridse. Den praktiske strop g\u00f8r det let at h\u00e6nge b\u00f8rsten op til hurtig, hygiejnisk t\u00f8rring. Den er ogs\u00e5 fantastisk til vaser, krukker og sutteflasker. Vores flaskeb\u00f8rste er [&hellip;]<\/p>","protected":false},"featured_media":7406,"template":"","meta":{"_acf_changed":false},"product_brand":[],"product_cat":[107],"product_tag":[],"class_list":{"0":"post-5587","1":"product","2":"type-product","3":"status-publish","4":"has-post-thumbnail","6":"product_cat-tilbehoer","7":"tm-no-options","9":"first","10":"instock","11":"sale","12":"taxable","13":"shipping-taxable","14":"purchasable","15":"product-type-simple"},"acf":[],"yoast_head":"<!-- This site is optimized with the Yoast SEO plugin v26.9 - https:\/\/yoast.com\/product\/yoast-seo-wordpress\/ -->\n<title>Revomax Sisal Wood \u00d8ko B\u00f8rste | Revomax<\/title>\n<meta name=\"robots\" content=\"noindex, follow, max-snippet:-1, max-image-preview:large, max-video-preview:-1\" \/>\n<meta property=\"og:locale\" content=\"de_DE\" \/>\n<meta property=\"og:type\" content=\"article\" \/>\n<meta property=\"og:title\" content=\"Revomax Sisal Wood \u00d8ko B\u00f8rste | Revomax\" \/>\n<meta property=\"og:description\" content=\"G\u00f8r flaskereng\u00f8ring nem og b\u00e6redygtig med vores milj\u00f8venlige sisal flaskerenser. B\u00f8rsten har et langt tr\u00e6h\u00e5ndtag, rustfrit st\u00e5l og naturlige sisalfibre, der reng\u00f8r selv de smalleste flasker uden at ridse. Den praktiske strop g\u00f8r det let at h\u00e6nge b\u00f8rsten op til hurtig, hygiejnisk t\u00f8rring. Den er ogs\u00e5 fantastisk til vaser, krukker og sutteflasker. Vores flaskeb\u00f8rste er [&hellip;]\" \/>\n<meta property=\"og:url\" content=\"https:\/\/revomax.auxodev2.dk\/de\/produkt\/revomax-boerste\/\" \/>\n<meta property=\"og:site_name\" content=\"Revomax\" \/>\n<meta property=\"article:modified_time\" content=\"2025-08-05T10:57:31+00:00\" \/>\n<meta property=\"og:image\" content=\"https:\/\/revomax.auxodev2.dk\/wp-content\/uploads\/Boerste_Mainbillede01.jpg\" \/>\n\t<meta property=\"og:image:width\" content=\"1024\" \/>\n\t<meta property=\"og:image:height\" content=\"1024\" \/>\n\t<meta property=\"og:image:type\" content=\"image\/jpeg\" \/>\n<meta name=\"twitter:card\" content=\"summary_large_image\" \/>\n<meta name=\"twitter:label1\" content=\"Gesch\u00e4tzte Lesezeit\" \/>\n\t<meta name=\"twitter:data1\" content=\"1\u00a0Minute\" \/>\n<script type=\"application\/ld+json\" class=\"yoast-schema-graph\">{\"@context\":\"https:\/\/schema.org\",\"@graph\":[{\"@type\":\"WebPage\",\"@id\":\"https:\/\/revomax.auxodev2.dk\/vare\/revomax-boerste\/\",\"url\":\"https:\/\/revomax.auxodev2.dk\/vare\/revomax-boerste\/\",\"name\":\"Revomax Sisal Wood \u00d8ko B\u00f8rste | Revomax\",\"isPartOf\":{\"@id\":\"https:\/\/revomax.auxodev2.dk\/#website\"},\"primaryImageOfPage\":{\"@id\":\"https:\/\/revomax.auxodev2.dk\/vare\/revomax-boerste\/#primaryimage\"},\"image\":{\"@id\":\"https:\/\/revomax.auxodev2.dk\/vare\/revomax-boerste\/#primaryimage\"},\"thumbnailUrl\":\"https:\/\/revomax.auxodev2.dk\/wp-content\/uploads\/Boerste_Mainbillede01.jpg\",\"datePublished\":\"2024-07-17T08:56:09+00:00\",\"dateModified\":\"2025-08-05T10:57:31+00:00\",\"breadcrumb\":{\"@id\":\"https:\/\/revomax.auxodev2.dk\/vare\/revomax-boerste\/#breadcrumb\"},\"inLanguage\":\"de\",\"potentialAction\":[{\"@type\":\"ReadAction\",\"target\":[\"https:\/\/revomax.auxodev2.dk\/vare\/revomax-boerste\/\"]}]},{\"@type\":\"ImageObject\",\"inLanguage\":\"de\",\"@id\":\"https:\/\/revomax.auxodev2.dk\/vare\/revomax-boerste\/#primaryimage\",\"url\":\"https:\/\/revomax.auxodev2.dk\/wp-content\/uploads\/Boerste_Mainbillede01.jpg\",\"contentUrl\":\"https:\/\/revomax.auxodev2.dk\/wp-content\/uploads\/Boerste_Mainbillede01.jpg\",\"width\":1024,\"height\":1024},{\"@type\":\"BreadcrumbList\",\"@id\":\"https:\/\/revomax.auxodev2.dk\/vare\/revomax-boerste\/#breadcrumb\",\"itemListElement\":[{\"@type\":\"ListItem\",\"position\":1,\"name\":\"Forside\",\"item\":\"https:\/\/revomax.auxodev2.dk\/\"},{\"@type\":\"ListItem\",\"position\":2,\"name\":\"Shop\",\"item\":\"https:\/\/revomax.auxodev2.dk\/shop\/\"},{\"@type\":\"ListItem\",\"position\":3,\"name\":\"Tilbeh\u00f8r\",\"item\":\"https:\/\/revomax.auxodev2.dk\/kategori\/tilbehoer\/\"},{\"@type\":\"ListItem\",\"position\":4,\"name\":\"Revomax Sisal Wood \u00d8ko B\u00f8rste\"}]},{\"@type\":\"WebSite\",\"@id\":\"https:\/\/revomax.auxodev2.dk\/#website\",\"url\":\"https:\/\/revomax.auxodev2.dk\/\",\"name\":\"Revomax\",\"description\":\"\",\"publisher\":{\"@id\":\"https:\/\/revomax.auxodev2.dk\/#organization\"},\"potentialAction\":[{\"@type\":\"SearchAction\",\"target\":{\"@type\":\"EntryPoint\",\"urlTemplate\":\"https:\/\/revomax.auxodev2.dk\/?s={search_term_string}\"},\"query-input\":{\"@type\":\"PropertyValueSpecification\",\"valueRequired\":true,\"valueName\":\"search_term_string\"}}],\"inLanguage\":\"de\"},{\"@type\":\"Organization\",\"@id\":\"https:\/\/revomax.auxodev2.dk\/#organization\",\"name\":\"Revomax\",\"url\":\"https:\/\/revomax.auxodev2.dk\/\",\"logo\":{\"@type\":\"ImageObject\",\"inLanguage\":\"de\",\"@id\":\"https:\/\/revomax.auxodev2.dk\/#\/schema\/logo\/image\/\",\"url\":\"https:\/\/revomax.auxodev2.dk\/wp-content\/uploads\/Revomax_Logo_White.png\",\"contentUrl\":\"https:\/\/revomax.auxodev2.dk\/wp-content\/uploads\/Revomax_Logo_White.png\",\"width\":1083,\"height\":235,\"caption\":\"Revomax\"},\"image\":{\"@id\":\"https:\/\/revomax.auxodev2.dk\/#\/schema\/logo\/image\/\"}}]}<\/script>\n<!-- \/ Yoast SEO plugin. -->","yoast_head_json":{"title":"Revomax Sisal Wood \u00d8ko B\u00f8rste | Revomax","robots":{"index":"noindex","follow":"follow","max-snippet":"max-snippet:-1","max-image-preview":"max-image-preview:large","max-video-preview":"max-video-preview:-1"},"og_locale":"de_DE","og_type":"article","og_title":"Revomax Sisal Wood \u00d8ko B\u00f8rste | Revomax","og_description":"G\u00f8r flaskereng\u00f8ring nem og b\u00e6redygtig med vores milj\u00f8venlige sisal flaskerenser. B\u00f8rsten har et langt tr\u00e6h\u00e5ndtag, rustfrit st\u00e5l og naturlige sisalfibre, der reng\u00f8r selv de smalleste flasker uden at ridse. Den praktiske strop g\u00f8r det let at h\u00e6nge b\u00f8rsten op til hurtig, hygiejnisk t\u00f8rring. Den er ogs\u00e5 fantastisk til vaser, krukker og sutteflasker. Vores flaskeb\u00f8rste er [&hellip;]","og_url":"https:\/\/revomax.auxodev2.dk\/de\/produkt\/revomax-boerste\/","og_site_name":"Revomax","article_modified_time":"2025-08-05T10:57:31+00:00","og_image":[{"width":1024,"height":1024,"url":"https:\/\/revomax.auxodev2.dk\/wp-content\/uploads\/Boerste_Mainbillede01.jpg","type":"image\/jpeg"}],"twitter_card":"summary_large_image","twitter_misc":{"Gesch\u00e4tzte Lesezeit":"1\u00a0Minute"},"schema":{"@context":"https:\/\/schema.org","@graph":[{"@type":"WebPage","@id":"https:\/\/revomax.auxodev2.dk\/vare\/revomax-boerste\/","url":"https:\/\/revomax.auxodev2.dk\/vare\/revomax-boerste\/","name":"Revomax Sisal Wood \u00d8ko B\u00f8rste | Revomax","isPartOf":{"@id":"https:\/\/revomax.auxodev2.dk\/#website"},"primaryImageOfPage":{"@id":"https:\/\/revomax.auxodev2.dk\/vare\/revomax-boerste\/#primaryimage"},"image":{"@id":"https:\/\/revomax.auxodev2.dk\/vare\/revomax-boerste\/#primaryimage"},"thumbnailUrl":"https:\/\/revomax.auxodev2.dk\/wp-content\/uploads\/Boerste_Mainbillede01.jpg","datePublished":"2024-07-17T08:56:09+00:00","dateModified":"2025-08-05T10:57:31+00:00","breadcrumb":{"@id":"https:\/\/revomax.auxodev2.dk\/vare\/revomax-boerste\/#breadcrumb"},"inLanguage":"de","potentialAction":[{"@type":"ReadAction","target":["https:\/\/revomax.auxodev2.dk\/vare\/revomax-boerste\/"]}]},{"@type":"ImageObject","inLanguage":"de","@id":"https:\/\/revomax.auxodev2.dk\/vare\/revomax-boerste\/#primaryimage","url":"https:\/\/revomax.auxodev2.dk\/wp-content\/uploads\/Boerste_Mainbillede01.jpg","contentUrl":"https:\/\/revomax.auxodev2.dk\/wp-content\/uploads\/Boerste_Mainbillede01.jpg","width":1024,"height":1024},{"@type":"BreadcrumbList","@id":"https:\/\/revomax.auxodev2.dk\/vare\/revomax-boerste\/#breadcrumb","itemListElement":[{"@type":"ListItem","position":1,"name":"Forside","item":"https:\/\/revomax.auxodev2.dk\/"},{"@type":"ListItem","position":2,"name":"Shop","item":"https:\/\/revomax.auxodev2.dk\/shop\/"},{"@type":"ListItem","position":3,"name":"Tilbeh\u00f8r","item":"https:\/\/revomax.auxodev2.dk\/kategori\/tilbehoer\/"},{"@type":"ListItem","position":4,"name":"Revomax Sisal Wood \u00d8ko B\u00f8rste"}]},{"@type":"WebSite","@id":"https:\/\/revomax.auxodev2.dk\/#website","url":"https:\/\/revomax.auxodev2.dk\/","name":"Revomax","description":"","publisher":{"@id":"https:\/\/revomax.auxodev2.dk\/#organization"},"potentialAction":[{"@type":"SearchAction","target":{"@type":"EntryPoint","urlTemplate":"https:\/\/revomax.auxodev2.dk\/?s={search_term_string}"},"query-input":{"@type":"PropertyValueSpecification","valueRequired":true,"valueName":"search_term_string"}}],"inLanguage":"de"},{"@type":"Organization","@id":"https:\/\/revomax.auxodev2.dk\/#organization","name":"Revomax","url":"https:\/\/revomax.auxodev2.dk\/","logo":{"@type":"ImageObject","inLanguage":"de","@id":"https:\/\/revomax.auxodev2.dk\/#\/schema\/logo\/image\/","url":"https:\/\/revomax.auxodev2.dk\/wp-content\/uploads\/Revomax_Logo_White.png","contentUrl":"https:\/\/revomax.auxodev2.dk\/wp-content\/uploads\/Revomax_Logo_White.png","width":1083,"height":235,"caption":"Revomax"},"image":{"@id":"https:\/\/revomax.auxodev2.dk\/#\/schema\/logo\/image\/"}}]}},"_links":{"self":[{"href":"https:\/\/revomax.auxodev2.dk\/de\/wp-json\/wp\/v2\/product\/5587","targetHints":{"allow":["GET"]}}],"collection":[{"href":"https:\/\/revomax.auxodev2.dk\/de\/wp-json\/wp\/v2\/product"}],"about":[{"href":"https:\/\/revomax.auxodev2.dk\/de\/wp-json\/wp\/v2\/types\/product"}],"wp:featuredmedia":[{"embeddable":true,"href":"https:\/\/revomax.auxodev2.dk\/de\/wp-json\/wp\/v2\/media\/7406"}],"wp:attachment":[{"href":"https:\/\/revomax.auxodev2.dk\/de\/wp-json\/wp\/v2\/media?parent=5587"}],"wp:term":[{"taxonomy":"product_brand","embeddable":true,"href":"https:\/\/revomax.auxodev2.dk\/de\/wp-json\/wp\/v2\/product_brand?post=5587"},{"taxonomy":"product_cat","embeddable":true,"href":"https:\/\/revomax.auxodev2.dk\/de\/wp-json\/wp\/v2\/product_cat?post=5587"},{"taxonomy":"product_tag","embeddable":true,"href":"https:\/\/revomax.auxodev2.dk\/de\/wp-json\/wp\/v2\/product_tag?post=5587"}],"curies":[{"name":"wp","href":"https:\/\/api.w.org\/{rel}","templated":true}]}}