{"id":7462,"date":"2024-08-21T12:22:45","date_gmt":"2024-08-21T10:22:45","guid":{"rendered":"https:\/\/revomax.auxodev2.dk\/?post_type=product&#038;p=7462"},"modified":"2025-08-02T20:35:48","modified_gmt":"2025-08-02T18:35:48","slug":"revomax-sports-laag-sugeroer","status":"publish","type":"product","link":"https:\/\/revomax.auxodev2.dk\/de\/produkt\/revomax-sports-laag-sugeroer\/","title":{"rendered":"Revomax Sport-Deckel - Strohhalm-Deckel"},"content":{"rendered":"<p><strong>Der REVOMAX Sportdeckel mit Strohhalm vereint Funktionalit\u00e4t, Stil und Hygiene - perfekt f\u00fcr einen aktiven Lebensstil.<\/strong><\/p>\n<p>Unsere auslaufsichere Technologie sorgt daf\u00fcr, dass nichts ausl\u00e4uft, selbst wenn die Flasche in der Tasche ist. Hergestellt aus 100% BPA-freien und lebensmittelechten Materialien, ist sie sowohl f\u00fcr Kinder als auch f\u00fcr Erwachsene sicher.<\/p>\n<p>Der Deckel ist leicht abnehmbar und f\u00fcr eine hygienische Reinigung sp\u00fclmaschinenfest.<\/p>\n<p>Alle unsere farbigen Deckel und Sportdeckel sind mit allen Flaschenmodellen und -gr\u00f6\u00dfen kompatibel, au\u00dfer mit dem Modell Pinball.<\/p>\n<p>Kann demontiert und in der Sp\u00fclmaschine gereinigt werden.<\/p>\n<p>&nbsp;<\/p>","protected":false},"excerpt":{"rendered":"<p>REVOMAX Sports L\u00e5g med Suger\u00f8r kombinerer funktionalitet, stil og hygiejne \u2013 perfekt til en aktiv livsstil. Vores l\u00e6kagefri teknologi sikrer ingen spild, selv n\u00e5r flasken ligger i tasken. Fremstillet af 100% BPA-fri og f\u00f8devaregodkendte materialer, g\u00e5r det sikre for b\u00e5de b\u00f8rn og voksne. L\u00e5get kan let skilles ad og t\u00e5ler opvaskemaskine for hygiejnisk reng\u00f8ring. Alle [&hellip;]<\/p>","protected":false},"featured_media":7593,"template":"","meta":{"_acf_changed":false},"product_brand":[],"product_cat":[107],"product_tag":[],"class_list":{"0":"post-7462","1":"product","2":"type-product","3":"status-publish","4":"has-post-thumbnail","6":"product_cat-tilbehoer","7":"tm-no-options","9":"first","10":"outofstock","11":"sale","12":"taxable","13":"shipping-taxable","14":"product-type-variable"},"acf":[],"yoast_head":"<!-- This site is optimized with the Yoast SEO plugin v26.9 - https:\/\/yoast.com\/product\/yoast-seo-wordpress\/ -->\n<title>Revomax Sports L\u00e5g - Suger\u00f8r L\u00e5g | Revomax<\/title>\n<meta name=\"robots\" content=\"noindex, follow, max-snippet:-1, max-image-preview:large, max-video-preview:-1\" \/>\n<meta property=\"og:locale\" content=\"de_DE\" \/>\n<meta property=\"og:type\" content=\"article\" \/>\n<meta property=\"og:title\" content=\"Revomax Sports L\u00e5g - Suger\u00f8r L\u00e5g | Revomax\" \/>\n<meta property=\"og:description\" content=\"REVOMAX Sports L\u00e5g med Suger\u00f8r kombinerer funktionalitet, stil og hygiejne \u2013 perfekt til en aktiv livsstil. Vores l\u00e6kagefri teknologi sikrer ingen spild, selv n\u00e5r flasken ligger i tasken. Fremstillet af 100% BPA-fri og f\u00f8devaregodkendte materialer, g\u00e5r det sikre for b\u00e5de b\u00f8rn og voksne. L\u00e5get kan let skilles ad og t\u00e5ler opvaskemaskine for hygiejnisk reng\u00f8ring. Alle [&hellip;]\" \/>\n<meta property=\"og:url\" content=\"https:\/\/revomax.auxodev2.dk\/de\/produkt\/revomax-sports-laag-sugeroer\/\" \/>\n<meta property=\"og:site_name\" content=\"Revomax\" \/>\n<meta property=\"article:modified_time\" content=\"2025-08-02T18:35:48+00:00\" \/>\n<meta property=\"og:image\" content=\"https:\/\/revomax.auxodev2.dk\/wp-content\/uploads\/Sports-Straw-Stemningsbillede01.jpg\" \/>\n\t<meta property=\"og:image:width\" content=\"1200\" \/>\n\t<meta property=\"og:image:height\" content=\"1200\" \/>\n\t<meta property=\"og:image:type\" content=\"image\/jpeg\" \/>\n<meta name=\"twitter:card\" content=\"summary_large_image\" \/>\n<meta name=\"twitter:label1\" content=\"Gesch\u00e4tzte Lesezeit\" \/>\n\t<meta name=\"twitter:data1\" content=\"1\u00a0Minute\" \/>\n<script type=\"application\/ld+json\" class=\"yoast-schema-graph\">{\"@context\":\"https:\/\/schema.org\",\"@graph\":[{\"@type\":\"WebPage\",\"@id\":\"https:\/\/revomax.auxodev2.dk\/vare\/revomax-sports-laag-sugeroer\/\",\"url\":\"https:\/\/revomax.auxodev2.dk\/vare\/revomax-sports-laag-sugeroer\/\",\"name\":\"Revomax Sports L\u00e5g - Suger\u00f8r L\u00e5g | Revomax\",\"isPartOf\":{\"@id\":\"https:\/\/revomax.auxodev2.dk\/#website\"},\"primaryImageOfPage\":{\"@id\":\"https:\/\/revomax.auxodev2.dk\/vare\/revomax-sports-laag-sugeroer\/#primaryimage\"},\"image\":{\"@id\":\"https:\/\/revomax.auxodev2.dk\/vare\/revomax-sports-laag-sugeroer\/#primaryimage\"},\"thumbnailUrl\":\"https:\/\/revomax.auxodev2.dk\/wp-content\/uploads\/SportLaag-Hvid01.jpg\",\"datePublished\":\"2024-08-21T10:22:45+00:00\",\"dateModified\":\"2025-08-02T18:35:48+00:00\",\"breadcrumb\":{\"@id\":\"https:\/\/revomax.auxodev2.dk\/vare\/revomax-sports-laag-sugeroer\/#breadcrumb\"},\"inLanguage\":\"de\",\"potentialAction\":[{\"@type\":\"ReadAction\",\"target\":[\"https:\/\/revomax.auxodev2.dk\/vare\/revomax-sports-laag-sugeroer\/\"]}]},{\"@type\":\"ImageObject\",\"inLanguage\":\"de\",\"@id\":\"https:\/\/revomax.auxodev2.dk\/vare\/revomax-sports-laag-sugeroer\/#primaryimage\",\"url\":\"https:\/\/revomax.auxodev2.dk\/wp-content\/uploads\/SportLaag-Hvid01.jpg\",\"contentUrl\":\"https:\/\/revomax.auxodev2.dk\/wp-content\/uploads\/SportLaag-Hvid01.jpg\",\"width\":1024,\"height\":1024},{\"@type\":\"BreadcrumbList\",\"@id\":\"https:\/\/revomax.auxodev2.dk\/vare\/revomax-sports-laag-sugeroer\/#breadcrumb\",\"itemListElement\":[{\"@type\":\"ListItem\",\"position\":1,\"name\":\"Forside\",\"item\":\"https:\/\/revomax.auxodev2.dk\/\"},{\"@type\":\"ListItem\",\"position\":2,\"name\":\"Shop\",\"item\":\"https:\/\/revomax.auxodev2.dk\/shop\/\"},{\"@type\":\"ListItem\",\"position\":3,\"name\":\"Tilbeh\u00f8r\",\"item\":\"https:\/\/revomax.auxodev2.dk\/kategori\/tilbehoer\/\"},{\"@type\":\"ListItem\",\"position\":4,\"name\":\"Revomax Sports L\u00e5g &#8211; Suger\u00f8r L\u00e5g\"}]},{\"@type\":\"WebSite\",\"@id\":\"https:\/\/revomax.auxodev2.dk\/#website\",\"url\":\"https:\/\/revomax.auxodev2.dk\/\",\"name\":\"Revomax\",\"description\":\"\",\"publisher\":{\"@id\":\"https:\/\/revomax.auxodev2.dk\/#organization\"},\"potentialAction\":[{\"@type\":\"SearchAction\",\"target\":{\"@type\":\"EntryPoint\",\"urlTemplate\":\"https:\/\/revomax.auxodev2.dk\/?s={search_term_string}\"},\"query-input\":{\"@type\":\"PropertyValueSpecification\",\"valueRequired\":true,\"valueName\":\"search_term_string\"}}],\"inLanguage\":\"de\"},{\"@type\":\"Organization\",\"@id\":\"https:\/\/revomax.auxodev2.dk\/#organization\",\"name\":\"Revomax\",\"url\":\"https:\/\/revomax.auxodev2.dk\/\",\"logo\":{\"@type\":\"ImageObject\",\"inLanguage\":\"de\",\"@id\":\"https:\/\/revomax.auxodev2.dk\/#\/schema\/logo\/image\/\",\"url\":\"https:\/\/revomax.auxodev2.dk\/wp-content\/uploads\/Revomax_Logo_White.png\",\"contentUrl\":\"https:\/\/revomax.auxodev2.dk\/wp-content\/uploads\/Revomax_Logo_White.png\",\"width\":1083,\"height\":235,\"caption\":\"Revomax\"},\"image\":{\"@id\":\"https:\/\/revomax.auxodev2.dk\/#\/schema\/logo\/image\/\"}}]}<\/script>\n<!-- \/ Yoast SEO plugin. -->","yoast_head_json":{"title":"Revomax Sports L\u00e5g - Suger\u00f8r L\u00e5g | Revomax","robots":{"index":"noindex","follow":"follow","max-snippet":"max-snippet:-1","max-image-preview":"max-image-preview:large","max-video-preview":"max-video-preview:-1"},"og_locale":"de_DE","og_type":"article","og_title":"Revomax Sports L\u00e5g - Suger\u00f8r L\u00e5g | Revomax","og_description":"REVOMAX Sports L\u00e5g med Suger\u00f8r kombinerer funktionalitet, stil og hygiejne \u2013 perfekt til en aktiv livsstil. Vores l\u00e6kagefri teknologi sikrer ingen spild, selv n\u00e5r flasken ligger i tasken. Fremstillet af 100% BPA-fri og f\u00f8devaregodkendte materialer, g\u00e5r det sikre for b\u00e5de b\u00f8rn og voksne. L\u00e5get kan let skilles ad og t\u00e5ler opvaskemaskine for hygiejnisk reng\u00f8ring. Alle [&hellip;]","og_url":"https:\/\/revomax.auxodev2.dk\/de\/produkt\/revomax-sports-laag-sugeroer\/","og_site_name":"Revomax","article_modified_time":"2025-08-02T18:35:48+00:00","og_image":[{"width":1200,"height":1200,"url":"https:\/\/revomax.auxodev2.dk\/wp-content\/uploads\/Sports-Straw-Stemningsbillede01.jpg","type":"image\/jpeg"}],"twitter_card":"summary_large_image","twitter_misc":{"Gesch\u00e4tzte Lesezeit":"1\u00a0Minute"},"schema":{"@context":"https:\/\/schema.org","@graph":[{"@type":"WebPage","@id":"https:\/\/revomax.auxodev2.dk\/vare\/revomax-sports-laag-sugeroer\/","url":"https:\/\/revomax.auxodev2.dk\/vare\/revomax-sports-laag-sugeroer\/","name":"Revomax Sports L\u00e5g - Suger\u00f8r L\u00e5g | Revomax","isPartOf":{"@id":"https:\/\/revomax.auxodev2.dk\/#website"},"primaryImageOfPage":{"@id":"https:\/\/revomax.auxodev2.dk\/vare\/revomax-sports-laag-sugeroer\/#primaryimage"},"image":{"@id":"https:\/\/revomax.auxodev2.dk\/vare\/revomax-sports-laag-sugeroer\/#primaryimage"},"thumbnailUrl":"https:\/\/revomax.auxodev2.dk\/wp-content\/uploads\/SportLaag-Hvid01.jpg","datePublished":"2024-08-21T10:22:45+00:00","dateModified":"2025-08-02T18:35:48+00:00","breadcrumb":{"@id":"https:\/\/revomax.auxodev2.dk\/vare\/revomax-sports-laag-sugeroer\/#breadcrumb"},"inLanguage":"de","potentialAction":[{"@type":"ReadAction","target":["https:\/\/revomax.auxodev2.dk\/vare\/revomax-sports-laag-sugeroer\/"]}]},{"@type":"ImageObject","inLanguage":"de","@id":"https:\/\/revomax.auxodev2.dk\/vare\/revomax-sports-laag-sugeroer\/#primaryimage","url":"https:\/\/revomax.auxodev2.dk\/wp-content\/uploads\/SportLaag-Hvid01.jpg","contentUrl":"https:\/\/revomax.auxodev2.dk\/wp-content\/uploads\/SportLaag-Hvid01.jpg","width":1024,"height":1024},{"@type":"BreadcrumbList","@id":"https:\/\/revomax.auxodev2.dk\/vare\/revomax-sports-laag-sugeroer\/#breadcrumb","itemListElement":[{"@type":"ListItem","position":1,"name":"Forside","item":"https:\/\/revomax.auxodev2.dk\/"},{"@type":"ListItem","position":2,"name":"Shop","item":"https:\/\/revomax.auxodev2.dk\/shop\/"},{"@type":"ListItem","position":3,"name":"Tilbeh\u00f8r","item":"https:\/\/revomax.auxodev2.dk\/kategori\/tilbehoer\/"},{"@type":"ListItem","position":4,"name":"Revomax Sports L\u00e5g &#8211; Suger\u00f8r L\u00e5g"}]},{"@type":"WebSite","@id":"https:\/\/revomax.auxodev2.dk\/#website","url":"https:\/\/revomax.auxodev2.dk\/","name":"Revomax","description":"","publisher":{"@id":"https:\/\/revomax.auxodev2.dk\/#organization"},"potentialAction":[{"@type":"SearchAction","target":{"@type":"EntryPoint","urlTemplate":"https:\/\/revomax.auxodev2.dk\/?s={search_term_string}"},"query-input":{"@type":"PropertyValueSpecification","valueRequired":true,"valueName":"search_term_string"}}],"inLanguage":"de"},{"@type":"Organization","@id":"https:\/\/revomax.auxodev2.dk\/#organization","name":"Revomax","url":"https:\/\/revomax.auxodev2.dk\/","logo":{"@type":"ImageObject","inLanguage":"de","@id":"https:\/\/revomax.auxodev2.dk\/#\/schema\/logo\/image\/","url":"https:\/\/revomax.auxodev2.dk\/wp-content\/uploads\/Revomax_Logo_White.png","contentUrl":"https:\/\/revomax.auxodev2.dk\/wp-content\/uploads\/Revomax_Logo_White.png","width":1083,"height":235,"caption":"Revomax"},"image":{"@id":"https:\/\/revomax.auxodev2.dk\/#\/schema\/logo\/image\/"}}]}},"_links":{"self":[{"href":"https:\/\/revomax.auxodev2.dk\/de\/wp-json\/wp\/v2\/product\/7462","targetHints":{"allow":["GET"]}}],"collection":[{"href":"https:\/\/revomax.auxodev2.dk\/de\/wp-json\/wp\/v2\/product"}],"about":[{"href":"https:\/\/revomax.auxodev2.dk\/de\/wp-json\/wp\/v2\/types\/product"}],"wp:featuredmedia":[{"embeddable":true,"href":"https:\/\/revomax.auxodev2.dk\/de\/wp-json\/wp\/v2\/media\/7593"}],"wp:attachment":[{"href":"https:\/\/revomax.auxodev2.dk\/de\/wp-json\/wp\/v2\/media?parent=7462"}],"wp:term":[{"taxonomy":"product_brand","embeddable":true,"href":"https:\/\/revomax.auxodev2.dk\/de\/wp-json\/wp\/v2\/product_brand?post=7462"},{"taxonomy":"product_cat","embeddable":true,"href":"https:\/\/revomax.auxodev2.dk\/de\/wp-json\/wp\/v2\/product_cat?post=7462"},{"taxonomy":"product_tag","embeddable":true,"href":"https:\/\/revomax.auxodev2.dk\/de\/wp-json\/wp\/v2\/product_tag?post=7462"}],"curies":[{"name":"wp","href":"https:\/\/api.w.org\/{rel}","templated":true}]}}