{"id":8020,"date":"2024-09-25T15:15:08","date_gmt":"2024-09-25T13:15:08","guid":{"rendered":"https:\/\/revomax.auxodev2.dk\/?post_type=product&#038;p=8020"},"modified":"2025-05-20T09:52:22","modified_gmt":"2025-05-20T07:52:22","slug":"revomax-300ml-bowling-pin","status":"publish","type":"product","link":"https:\/\/revomax.auxodev2.dk\/de\/produkt\/revomax-300ml-bowling-pin\/","title":{"rendered":"Revomax 500ml Bowling Pin - Thermoflasche"},"content":{"rendered":"<p><strong>DER ULTIMATIV BENUTZERFREUNDLICHE \u00d6FFNUNGS- UND VERRIEGELUNGSMECHANISMUS<br \/>\n<\/strong>\u00d6ffnen und schlie\u00dfen mit einer Hand! Der REVOMAX-Flaschendeckel ist mit 3 praktischen Kn\u00f6pfen zum einfachen \u00d6ffnen ausgestattet. Mit einer einfachen Fingerbewegung k\u00f6nnen Sie den Ring im Deckel anheben und ihn verriegeln. Dieser clevere Mechanismus macht es m\u00f6glich, die Flasche mit einer Hand zu bedienen - schnell, effizient und perfekt, wenn Sie die H\u00e4nde voll haben.<\/p>\n<p><strong>LANGZEIT-TEMPERATURERHALTUNG<br \/>\n<\/strong>Die doppelwandige Isolierung unserer Flasche h\u00e4lt kalte Getr\u00e4nke bis zu 36 Stunden lang k\u00fchl. Auf der anderen Seite kann sie die W\u00e4rme von hei\u00dfen Getr\u00e4nken bis zu 18 Stunden lang speichern.<\/p>\n<p>Hinweis: Standard-Sport-Deckel und farbige Deckel passen nicht auf dieses Modell. Spezielle Sport-Deckel etc. sind in der Entwicklung.<\/p>","protected":false},"excerpt":{"rendered":"<p>DEN ULTIMATIVE BRUGERVENLIGE \u00c5BNE- OG L\u00c5SEMEKANISME \u00c5bn og Luk Med \u00c9n H\u00e5nd! REVOMAX-flaskens l\u00e5g er designet med 3 praktiske knapper til nem \u00e5bning. Med en enkel fingerbev\u00e6gelser kan du l\u00f8fte ringen i l\u00e5get og l\u00e5se det p\u00e5 plads. Denne smarte mekanisme g\u00f8r det muligt at betjene flasken med \u00e9n h\u00e5nd \u2013 hurtigt, effektivt, og perfekt [&hellip;]<\/p>","protected":false},"featured_media":8016,"template":"","meta":{"_acf_changed":false},"product_brand":[],"product_cat":[22],"product_tag":[384],"class_list":{"0":"post-8020","1":"product","2":"type-product","3":"status-publish","4":"has-post-thumbnail","6":"product_cat-flasker","7":"product_tag-maengderabat","8":"tm-no-options","10":"first","11":"instock","12":"taxable","13":"shipping-taxable","14":"purchasable","15":"product-type-variable"},"acf":[],"yoast_head":"<!-- This site is optimized with the Yoast SEO plugin v26.9 - https:\/\/yoast.com\/product\/yoast-seo-wordpress\/ -->\n<title>Revomax 500ml Bowling Pin - Termoflaske | Revomax<\/title>\n<meta name=\"robots\" content=\"noindex, follow, max-snippet:-1, max-image-preview:large, max-video-preview:-1\" \/>\n<meta property=\"og:locale\" content=\"de_DE\" \/>\n<meta property=\"og:type\" content=\"article\" \/>\n<meta property=\"og:title\" content=\"Revomax 500ml Bowling Pin - Termoflaske | Revomax\" \/>\n<meta property=\"og:description\" content=\"DEN ULTIMATIVE BRUGERVENLIGE \u00c5BNE- OG L\u00c5SEMEKANISME \u00c5bn og Luk Med \u00c9n H\u00e5nd! REVOMAX-flaskens l\u00e5g er designet med 3 praktiske knapper til nem \u00e5bning. Med en enkel fingerbev\u00e6gelser kan du l\u00f8fte ringen i l\u00e5get og l\u00e5se det p\u00e5 plads. Denne smarte mekanisme g\u00f8r det muligt at betjene flasken med \u00e9n h\u00e5nd \u2013 hurtigt, effektivt, og perfekt [&hellip;]\" \/>\n<meta property=\"og:url\" content=\"https:\/\/revomax.auxodev2.dk\/de\/produkt\/revomax-300ml-bowling-pin\/\" \/>\n<meta property=\"og:site_name\" content=\"Revomax\" \/>\n<meta property=\"article:modified_time\" content=\"2025-05-20T07:52:22+00:00\" \/>\n<meta property=\"og:image\" content=\"https:\/\/revomax.auxodev2.dk\/wp-content\/uploads\/2024-08-15_3435161942365558949.jpg\" \/>\n\t<meta property=\"og:image:width\" content=\"1000\" \/>\n\t<meta property=\"og:image:height\" content=\"1000\" \/>\n\t<meta property=\"og:image:type\" content=\"image\/jpeg\" \/>\n<meta name=\"twitter:card\" content=\"summary_large_image\" \/>\n<meta name=\"twitter:label1\" content=\"Gesch\u00e4tzte Lesezeit\" \/>\n\t<meta name=\"twitter:data1\" content=\"1\u00a0Minute\" \/>\n<script type=\"application\/ld+json\" class=\"yoast-schema-graph\">{\"@context\":\"https:\/\/schema.org\",\"@graph\":[{\"@type\":\"WebPage\",\"@id\":\"https:\/\/revomax.auxodev2.dk\/vare\/revomax-300ml-bowling-pin\/\",\"url\":\"https:\/\/revomax.auxodev2.dk\/vare\/revomax-300ml-bowling-pin\/\",\"name\":\"Revomax 500ml Bowling Pin - Termoflaske | Revomax\",\"isPartOf\":{\"@id\":\"https:\/\/revomax.auxodev2.dk\/#website\"},\"primaryImageOfPage\":{\"@id\":\"https:\/\/revomax.auxodev2.dk\/vare\/revomax-300ml-bowling-pin\/#primaryimage\"},\"image\":{\"@id\":\"https:\/\/revomax.auxodev2.dk\/vare\/revomax-300ml-bowling-pin\/#primaryimage\"},\"thumbnailUrl\":\"https:\/\/revomax.auxodev2.dk\/wp-content\/uploads\/BowlingPin_SageGreen.png\",\"datePublished\":\"2024-09-25T13:15:08+00:00\",\"dateModified\":\"2025-05-20T07:52:22+00:00\",\"breadcrumb\":{\"@id\":\"https:\/\/revomax.auxodev2.dk\/vare\/revomax-300ml-bowling-pin\/#breadcrumb\"},\"inLanguage\":\"de\",\"potentialAction\":[{\"@type\":\"ReadAction\",\"target\":[\"https:\/\/revomax.auxodev2.dk\/vare\/revomax-300ml-bowling-pin\/\"]}]},{\"@type\":\"ImageObject\",\"inLanguage\":\"de\",\"@id\":\"https:\/\/revomax.auxodev2.dk\/vare\/revomax-300ml-bowling-pin\/#primaryimage\",\"url\":\"https:\/\/revomax.auxodev2.dk\/wp-content\/uploads\/BowlingPin_SageGreen.png\",\"contentUrl\":\"https:\/\/revomax.auxodev2.dk\/wp-content\/uploads\/BowlingPin_SageGreen.png\",\"width\":700,\"height\":700},{\"@type\":\"BreadcrumbList\",\"@id\":\"https:\/\/revomax.auxodev2.dk\/vare\/revomax-300ml-bowling-pin\/#breadcrumb\",\"itemListElement\":[{\"@type\":\"ListItem\",\"position\":1,\"name\":\"Forside\",\"item\":\"https:\/\/revomax.auxodev2.dk\/\"},{\"@type\":\"ListItem\",\"position\":2,\"name\":\"Shop\",\"item\":\"https:\/\/revomax.auxodev2.dk\/shop\/\"},{\"@type\":\"ListItem\",\"position\":3,\"name\":\"Flasker\",\"item\":\"https:\/\/revomax.auxodev2.dk\/kategori\/flasker\/\"},{\"@type\":\"ListItem\",\"position\":4,\"name\":\"Revomax 500ml Bowling Pin &#8211; Termoflaske\"}]},{\"@type\":\"WebSite\",\"@id\":\"https:\/\/revomax.auxodev2.dk\/#website\",\"url\":\"https:\/\/revomax.auxodev2.dk\/\",\"name\":\"Revomax\",\"description\":\"\",\"publisher\":{\"@id\":\"https:\/\/revomax.auxodev2.dk\/#organization\"},\"potentialAction\":[{\"@type\":\"SearchAction\",\"target\":{\"@type\":\"EntryPoint\",\"urlTemplate\":\"https:\/\/revomax.auxodev2.dk\/?s={search_term_string}\"},\"query-input\":{\"@type\":\"PropertyValueSpecification\",\"valueRequired\":true,\"valueName\":\"search_term_string\"}}],\"inLanguage\":\"de\"},{\"@type\":\"Organization\",\"@id\":\"https:\/\/revomax.auxodev2.dk\/#organization\",\"name\":\"Revomax\",\"url\":\"https:\/\/revomax.auxodev2.dk\/\",\"logo\":{\"@type\":\"ImageObject\",\"inLanguage\":\"de\",\"@id\":\"https:\/\/revomax.auxodev2.dk\/#\/schema\/logo\/image\/\",\"url\":\"https:\/\/revomax.auxodev2.dk\/wp-content\/uploads\/Revomax_Logo_White.png\",\"contentUrl\":\"https:\/\/revomax.auxodev2.dk\/wp-content\/uploads\/Revomax_Logo_White.png\",\"width\":1083,\"height\":235,\"caption\":\"Revomax\"},\"image\":{\"@id\":\"https:\/\/revomax.auxodev2.dk\/#\/schema\/logo\/image\/\"}}]}<\/script>\n<!-- \/ Yoast SEO plugin. -->","yoast_head_json":{"title":"Revomax 500ml Bowling Pin - Termoflaske | Revomax","robots":{"index":"noindex","follow":"follow","max-snippet":"max-snippet:-1","max-image-preview":"max-image-preview:large","max-video-preview":"max-video-preview:-1"},"og_locale":"de_DE","og_type":"article","og_title":"Revomax 500ml Bowling Pin - Termoflaske | Revomax","og_description":"DEN ULTIMATIVE BRUGERVENLIGE \u00c5BNE- OG L\u00c5SEMEKANISME \u00c5bn og Luk Med \u00c9n H\u00e5nd! REVOMAX-flaskens l\u00e5g er designet med 3 praktiske knapper til nem \u00e5bning. Med en enkel fingerbev\u00e6gelser kan du l\u00f8fte ringen i l\u00e5get og l\u00e5se det p\u00e5 plads. Denne smarte mekanisme g\u00f8r det muligt at betjene flasken med \u00e9n h\u00e5nd \u2013 hurtigt, effektivt, og perfekt [&hellip;]","og_url":"https:\/\/revomax.auxodev2.dk\/de\/produkt\/revomax-300ml-bowling-pin\/","og_site_name":"Revomax","article_modified_time":"2025-05-20T07:52:22+00:00","og_image":[{"width":1000,"height":1000,"url":"https:\/\/revomax.auxodev2.dk\/wp-content\/uploads\/2024-08-15_3435161942365558949.jpg","type":"image\/jpeg"}],"twitter_card":"summary_large_image","twitter_misc":{"Gesch\u00e4tzte Lesezeit":"1\u00a0Minute"},"schema":{"@context":"https:\/\/schema.org","@graph":[{"@type":"WebPage","@id":"https:\/\/revomax.auxodev2.dk\/vare\/revomax-300ml-bowling-pin\/","url":"https:\/\/revomax.auxodev2.dk\/vare\/revomax-300ml-bowling-pin\/","name":"Revomax 500ml Bowling Pin - Termoflaske | Revomax","isPartOf":{"@id":"https:\/\/revomax.auxodev2.dk\/#website"},"primaryImageOfPage":{"@id":"https:\/\/revomax.auxodev2.dk\/vare\/revomax-300ml-bowling-pin\/#primaryimage"},"image":{"@id":"https:\/\/revomax.auxodev2.dk\/vare\/revomax-300ml-bowling-pin\/#primaryimage"},"thumbnailUrl":"https:\/\/revomax.auxodev2.dk\/wp-content\/uploads\/BowlingPin_SageGreen.png","datePublished":"2024-09-25T13:15:08+00:00","dateModified":"2025-05-20T07:52:22+00:00","breadcrumb":{"@id":"https:\/\/revomax.auxodev2.dk\/vare\/revomax-300ml-bowling-pin\/#breadcrumb"},"inLanguage":"de","potentialAction":[{"@type":"ReadAction","target":["https:\/\/revomax.auxodev2.dk\/vare\/revomax-300ml-bowling-pin\/"]}]},{"@type":"ImageObject","inLanguage":"de","@id":"https:\/\/revomax.auxodev2.dk\/vare\/revomax-300ml-bowling-pin\/#primaryimage","url":"https:\/\/revomax.auxodev2.dk\/wp-content\/uploads\/BowlingPin_SageGreen.png","contentUrl":"https:\/\/revomax.auxodev2.dk\/wp-content\/uploads\/BowlingPin_SageGreen.png","width":700,"height":700},{"@type":"BreadcrumbList","@id":"https:\/\/revomax.auxodev2.dk\/vare\/revomax-300ml-bowling-pin\/#breadcrumb","itemListElement":[{"@type":"ListItem","position":1,"name":"Forside","item":"https:\/\/revomax.auxodev2.dk\/"},{"@type":"ListItem","position":2,"name":"Shop","item":"https:\/\/revomax.auxodev2.dk\/shop\/"},{"@type":"ListItem","position":3,"name":"Flasker","item":"https:\/\/revomax.auxodev2.dk\/kategori\/flasker\/"},{"@type":"ListItem","position":4,"name":"Revomax 500ml Bowling Pin &#8211; Termoflaske"}]},{"@type":"WebSite","@id":"https:\/\/revomax.auxodev2.dk\/#website","url":"https:\/\/revomax.auxodev2.dk\/","name":"Revomax","description":"","publisher":{"@id":"https:\/\/revomax.auxodev2.dk\/#organization"},"potentialAction":[{"@type":"SearchAction","target":{"@type":"EntryPoint","urlTemplate":"https:\/\/revomax.auxodev2.dk\/?s={search_term_string}"},"query-input":{"@type":"PropertyValueSpecification","valueRequired":true,"valueName":"search_term_string"}}],"inLanguage":"de"},{"@type":"Organization","@id":"https:\/\/revomax.auxodev2.dk\/#organization","name":"Revomax","url":"https:\/\/revomax.auxodev2.dk\/","logo":{"@type":"ImageObject","inLanguage":"de","@id":"https:\/\/revomax.auxodev2.dk\/#\/schema\/logo\/image\/","url":"https:\/\/revomax.auxodev2.dk\/wp-content\/uploads\/Revomax_Logo_White.png","contentUrl":"https:\/\/revomax.auxodev2.dk\/wp-content\/uploads\/Revomax_Logo_White.png","width":1083,"height":235,"caption":"Revomax"},"image":{"@id":"https:\/\/revomax.auxodev2.dk\/#\/schema\/logo\/image\/"}}]}},"_links":{"self":[{"href":"https:\/\/revomax.auxodev2.dk\/de\/wp-json\/wp\/v2\/product\/8020","targetHints":{"allow":["GET"]}}],"collection":[{"href":"https:\/\/revomax.auxodev2.dk\/de\/wp-json\/wp\/v2\/product"}],"about":[{"href":"https:\/\/revomax.auxodev2.dk\/de\/wp-json\/wp\/v2\/types\/product"}],"wp:featuredmedia":[{"embeddable":true,"href":"https:\/\/revomax.auxodev2.dk\/de\/wp-json\/wp\/v2\/media\/8016"}],"wp:attachment":[{"href":"https:\/\/revomax.auxodev2.dk\/de\/wp-json\/wp\/v2\/media?parent=8020"}],"wp:term":[{"taxonomy":"product_brand","embeddable":true,"href":"https:\/\/revomax.auxodev2.dk\/de\/wp-json\/wp\/v2\/product_brand?post=8020"},{"taxonomy":"product_cat","embeddable":true,"href":"https:\/\/revomax.auxodev2.dk\/de\/wp-json\/wp\/v2\/product_cat?post=8020"},{"taxonomy":"product_tag","embeddable":true,"href":"https:\/\/revomax.auxodev2.dk\/de\/wp-json\/wp\/v2\/product_tag?post=8020"}],"curies":[{"name":"wp","href":"https:\/\/api.w.org\/{rel}","templated":true}]}}