{"id":5450,"date":"2024-07-17T09:55:03","date_gmt":"2024-07-17T07:55:03","guid":{"rendered":"https:\/\/revomax.auxodev2.dk\/?post_type=product&#038;p=5450"},"modified":"2025-08-04T13:13:32","modified_gmt":"2025-08-04T11:13:32","slug":"revomax-laekagesikker-farvede-laag","status":"publish","type":"product","link":"https:\/\/revomax.auxodev2.dk\/en\/product\/revomax-laekagesikker-farvede-laag\/","title":{"rendered":"Revomax Leakproof Coloured Lids"},"content":{"rendered":"<p>Revolutionise your bottle experience with our twist-free coloured lid - the easiest and most efficient on the market. The patented design opens and closes with one hand, in under 2 seconds - ideal for car, running or kids.<\/p>\n<p>Our 100% leak-proof technology ensures the lid stays in place, in your bag, car or hanging on a carabiner.<\/p>\n<p>Choose from 16 colours and enjoy easy cleaning with dishwasher-safe lids.<\/p>\n<p>All our coloured lids and Sports lids are compatible with all bottle models and sizes, except the Pinball model.<\/p>","protected":false},"excerpt":{"rendered":"<p>Revolution\u00e9r din flaskeoplevelse med vores twist-fri farvede l\u00e5g \u2013 markedets nemmeste og mest effektive. Det patenterede design \u00e5bnes og lukkes med \u00e9n h\u00e5nd, p\u00e5 under 2 sekunder &#8211; ideelt til bil, l\u00f8betur eller b\u00f8rn. Vores 100% l\u00e6kagesikre teknologi sikrer, at l\u00e5get forbliver p\u00e5 plads, i tasken, bilen eller h\u00e6ngende p\u00e5 en karabinhage. V\u00e6lg mellem 16 [&hellip;]<\/p>","protected":false},"featured_media":9982,"template":"","meta":{"_acf_changed":false},"product_brand":[],"product_cat":[107],"product_tag":[],"class_list":{"0":"post-5450","1":"product","2":"type-product","3":"status-publish","4":"has-post-thumbnail","6":"product_cat-tilbehoer","7":"tm-no-options","9":"first","10":"instock","11":"sale","12":"taxable","13":"shipping-taxable","14":"purchasable","15":"product-type-variable"},"acf":[],"yoast_head":"<!-- This site is optimized with the Yoast SEO plugin v26.9 - https:\/\/yoast.com\/product\/yoast-seo-wordpress\/ -->\n<title>Revomax L\u00e6kagesikker Farvede L\u00e5g | Revomax<\/title>\n<meta name=\"robots\" content=\"noindex, follow, max-snippet:-1, max-image-preview:large, max-video-preview:-1\" \/>\n<meta property=\"og:locale\" content=\"en_GB\" \/>\n<meta property=\"og:type\" content=\"article\" \/>\n<meta property=\"og:title\" content=\"Revomax L\u00e6kagesikker Farvede L\u00e5g | Revomax\" \/>\n<meta property=\"og:description\" content=\"Revolution\u00e9r din flaskeoplevelse med vores twist-fri farvede l\u00e5g \u2013 markedets nemmeste og mest effektive. Det patenterede design \u00e5bnes og lukkes med \u00e9n h\u00e5nd, p\u00e5 under 2 sekunder &#8211; ideelt til bil, l\u00f8betur eller b\u00f8rn. Vores 100% l\u00e6kagesikre teknologi sikrer, at l\u00e5get forbliver p\u00e5 plads, i tasken, bilen eller h\u00e6ngende p\u00e5 en karabinhage. V\u00e6lg mellem 16 [&hellip;]\" \/>\n<meta property=\"og:url\" content=\"https:\/\/revomax.auxodev2.dk\/en\/product\/revomax-laekagesikker-farvede-laag\/\" \/>\n<meta property=\"og:site_name\" content=\"Revomax\" \/>\n<meta property=\"article:modified_time\" content=\"2025-08-04T11:13:32+00:00\" \/>\n<meta property=\"og:image\" content=\"https:\/\/revomax.auxodev2.dk\/wp-content\/uploads\/Laag-Mainbillede02.jpg\" \/>\n\t<meta property=\"og:image:width\" content=\"1024\" \/>\n\t<meta property=\"og:image:height\" content=\"1024\" \/>\n\t<meta property=\"og:image:type\" content=\"image\/jpeg\" \/>\n<meta name=\"twitter:card\" content=\"summary_large_image\" \/>\n<meta name=\"twitter:label1\" content=\"Estimated reading time\" \/>\n\t<meta name=\"twitter:data1\" content=\"1 minute\" \/>\n<script type=\"application\/ld+json\" class=\"yoast-schema-graph\">{\"@context\":\"https:\/\/schema.org\",\"@graph\":[{\"@type\":\"WebPage\",\"@id\":\"https:\/\/revomax.auxodev2.dk\/vare\/revomax-laekagesikker-farvede-laag\/\",\"url\":\"https:\/\/revomax.auxodev2.dk\/vare\/revomax-laekagesikker-farvede-laag\/\",\"name\":\"Revomax L\u00e6kagesikker Farvede L\u00e5g | Revomax\",\"isPartOf\":{\"@id\":\"https:\/\/revomax.auxodev2.dk\/#website\"},\"primaryImageOfPage\":{\"@id\":\"https:\/\/revomax.auxodev2.dk\/vare\/revomax-laekagesikker-farvede-laag\/#primaryimage\"},\"image\":{\"@id\":\"https:\/\/revomax.auxodev2.dk\/vare\/revomax-laekagesikker-farvede-laag\/#primaryimage\"},\"thumbnailUrl\":\"https:\/\/revomax.auxodev2.dk\/wp-content\/uploads\/Farvede_Laag_BilledeMain.jpg\",\"datePublished\":\"2024-07-17T07:55:03+00:00\",\"dateModified\":\"2025-08-04T11:13:32+00:00\",\"breadcrumb\":{\"@id\":\"https:\/\/revomax.auxodev2.dk\/vare\/revomax-laekagesikker-farvede-laag\/#breadcrumb\"},\"inLanguage\":\"en-GB\",\"potentialAction\":[{\"@type\":\"ReadAction\",\"target\":[\"https:\/\/revomax.auxodev2.dk\/vare\/revomax-laekagesikker-farvede-laag\/\"]}]},{\"@type\":\"ImageObject\",\"inLanguage\":\"en-GB\",\"@id\":\"https:\/\/revomax.auxodev2.dk\/vare\/revomax-laekagesikker-farvede-laag\/#primaryimage\",\"url\":\"https:\/\/revomax.auxodev2.dk\/wp-content\/uploads\/Farvede_Laag_BilledeMain.jpg\",\"contentUrl\":\"https:\/\/revomax.auxodev2.dk\/wp-content\/uploads\/Farvede_Laag_BilledeMain.jpg\",\"width\":1024,\"height\":1024},{\"@type\":\"BreadcrumbList\",\"@id\":\"https:\/\/revomax.auxodev2.dk\/vare\/revomax-laekagesikker-farvede-laag\/#breadcrumb\",\"itemListElement\":[{\"@type\":\"ListItem\",\"position\":1,\"name\":\"Forside\",\"item\":\"https:\/\/revomax.auxodev2.dk\/\"},{\"@type\":\"ListItem\",\"position\":2,\"name\":\"Shop\",\"item\":\"https:\/\/revomax.auxodev2.dk\/shop\/\"},{\"@type\":\"ListItem\",\"position\":3,\"name\":\"Tilbeh\u00f8r\",\"item\":\"https:\/\/revomax.auxodev2.dk\/kategori\/tilbehoer\/\"},{\"@type\":\"ListItem\",\"position\":4,\"name\":\"Revomax L\u00e6kagesikker Farvede L\u00e5g\"}]},{\"@type\":\"WebSite\",\"@id\":\"https:\/\/revomax.auxodev2.dk\/#website\",\"url\":\"https:\/\/revomax.auxodev2.dk\/\",\"name\":\"Revomax\",\"description\":\"\",\"publisher\":{\"@id\":\"https:\/\/revomax.auxodev2.dk\/#organization\"},\"potentialAction\":[{\"@type\":\"SearchAction\",\"target\":{\"@type\":\"EntryPoint\",\"urlTemplate\":\"https:\/\/revomax.auxodev2.dk\/?s={search_term_string}\"},\"query-input\":{\"@type\":\"PropertyValueSpecification\",\"valueRequired\":true,\"valueName\":\"search_term_string\"}}],\"inLanguage\":\"en-GB\"},{\"@type\":\"Organization\",\"@id\":\"https:\/\/revomax.auxodev2.dk\/#organization\",\"name\":\"Revomax\",\"url\":\"https:\/\/revomax.auxodev2.dk\/\",\"logo\":{\"@type\":\"ImageObject\",\"inLanguage\":\"en-GB\",\"@id\":\"https:\/\/revomax.auxodev2.dk\/#\/schema\/logo\/image\/\",\"url\":\"https:\/\/revomax.auxodev2.dk\/wp-content\/uploads\/Revomax_Logo_White.png\",\"contentUrl\":\"https:\/\/revomax.auxodev2.dk\/wp-content\/uploads\/Revomax_Logo_White.png\",\"width\":1083,\"height\":235,\"caption\":\"Revomax\"},\"image\":{\"@id\":\"https:\/\/revomax.auxodev2.dk\/#\/schema\/logo\/image\/\"}}]}<\/script>\n<!-- \/ Yoast SEO plugin. -->","yoast_head_json":{"title":"Revomax L\u00e6kagesikker Farvede L\u00e5g | Revomax","robots":{"index":"noindex","follow":"follow","max-snippet":"max-snippet:-1","max-image-preview":"max-image-preview:large","max-video-preview":"max-video-preview:-1"},"og_locale":"en_GB","og_type":"article","og_title":"Revomax L\u00e6kagesikker Farvede L\u00e5g | Revomax","og_description":"Revolution\u00e9r din flaskeoplevelse med vores twist-fri farvede l\u00e5g \u2013 markedets nemmeste og mest effektive. Det patenterede design \u00e5bnes og lukkes med \u00e9n h\u00e5nd, p\u00e5 under 2 sekunder &#8211; ideelt til bil, l\u00f8betur eller b\u00f8rn. Vores 100% l\u00e6kagesikre teknologi sikrer, at l\u00e5get forbliver p\u00e5 plads, i tasken, bilen eller h\u00e6ngende p\u00e5 en karabinhage. V\u00e6lg mellem 16 [&hellip;]","og_url":"https:\/\/revomax.auxodev2.dk\/en\/product\/revomax-laekagesikker-farvede-laag\/","og_site_name":"Revomax","article_modified_time":"2025-08-04T11:13:32+00:00","og_image":[{"width":1024,"height":1024,"url":"https:\/\/revomax.auxodev2.dk\/wp-content\/uploads\/Laag-Mainbillede02.jpg","type":"image\/jpeg"}],"twitter_card":"summary_large_image","twitter_misc":{"Estimated reading time":"1 minute"},"schema":{"@context":"https:\/\/schema.org","@graph":[{"@type":"WebPage","@id":"https:\/\/revomax.auxodev2.dk\/vare\/revomax-laekagesikker-farvede-laag\/","url":"https:\/\/revomax.auxodev2.dk\/vare\/revomax-laekagesikker-farvede-laag\/","name":"Revomax L\u00e6kagesikker Farvede L\u00e5g | Revomax","isPartOf":{"@id":"https:\/\/revomax.auxodev2.dk\/#website"},"primaryImageOfPage":{"@id":"https:\/\/revomax.auxodev2.dk\/vare\/revomax-laekagesikker-farvede-laag\/#primaryimage"},"image":{"@id":"https:\/\/revomax.auxodev2.dk\/vare\/revomax-laekagesikker-farvede-laag\/#primaryimage"},"thumbnailUrl":"https:\/\/revomax.auxodev2.dk\/wp-content\/uploads\/Farvede_Laag_BilledeMain.jpg","datePublished":"2024-07-17T07:55:03+00:00","dateModified":"2025-08-04T11:13:32+00:00","breadcrumb":{"@id":"https:\/\/revomax.auxodev2.dk\/vare\/revomax-laekagesikker-farvede-laag\/#breadcrumb"},"inLanguage":"en-GB","potentialAction":[{"@type":"ReadAction","target":["https:\/\/revomax.auxodev2.dk\/vare\/revomax-laekagesikker-farvede-laag\/"]}]},{"@type":"ImageObject","inLanguage":"en-GB","@id":"https:\/\/revomax.auxodev2.dk\/vare\/revomax-laekagesikker-farvede-laag\/#primaryimage","url":"https:\/\/revomax.auxodev2.dk\/wp-content\/uploads\/Farvede_Laag_BilledeMain.jpg","contentUrl":"https:\/\/revomax.auxodev2.dk\/wp-content\/uploads\/Farvede_Laag_BilledeMain.jpg","width":1024,"height":1024},{"@type":"BreadcrumbList","@id":"https:\/\/revomax.auxodev2.dk\/vare\/revomax-laekagesikker-farvede-laag\/#breadcrumb","itemListElement":[{"@type":"ListItem","position":1,"name":"Forside","item":"https:\/\/revomax.auxodev2.dk\/"},{"@type":"ListItem","position":2,"name":"Shop","item":"https:\/\/revomax.auxodev2.dk\/shop\/"},{"@type":"ListItem","position":3,"name":"Tilbeh\u00f8r","item":"https:\/\/revomax.auxodev2.dk\/kategori\/tilbehoer\/"},{"@type":"ListItem","position":4,"name":"Revomax L\u00e6kagesikker Farvede L\u00e5g"}]},{"@type":"WebSite","@id":"https:\/\/revomax.auxodev2.dk\/#website","url":"https:\/\/revomax.auxodev2.dk\/","name":"Revomax","description":"","publisher":{"@id":"https:\/\/revomax.auxodev2.dk\/#organization"},"potentialAction":[{"@type":"SearchAction","target":{"@type":"EntryPoint","urlTemplate":"https:\/\/revomax.auxodev2.dk\/?s={search_term_string}"},"query-input":{"@type":"PropertyValueSpecification","valueRequired":true,"valueName":"search_term_string"}}],"inLanguage":"en-GB"},{"@type":"Organization","@id":"https:\/\/revomax.auxodev2.dk\/#organization","name":"Revomax","url":"https:\/\/revomax.auxodev2.dk\/","logo":{"@type":"ImageObject","inLanguage":"en-GB","@id":"https:\/\/revomax.auxodev2.dk\/#\/schema\/logo\/image\/","url":"https:\/\/revomax.auxodev2.dk\/wp-content\/uploads\/Revomax_Logo_White.png","contentUrl":"https:\/\/revomax.auxodev2.dk\/wp-content\/uploads\/Revomax_Logo_White.png","width":1083,"height":235,"caption":"Revomax"},"image":{"@id":"https:\/\/revomax.auxodev2.dk\/#\/schema\/logo\/image\/"}}]}},"_links":{"self":[{"href":"https:\/\/revomax.auxodev2.dk\/en\/wp-json\/wp\/v2\/product\/5450","targetHints":{"allow":["GET"]}}],"collection":[{"href":"https:\/\/revomax.auxodev2.dk\/en\/wp-json\/wp\/v2\/product"}],"about":[{"href":"https:\/\/revomax.auxodev2.dk\/en\/wp-json\/wp\/v2\/types\/product"}],"wp:featuredmedia":[{"embeddable":true,"href":"https:\/\/revomax.auxodev2.dk\/en\/wp-json\/wp\/v2\/media\/9982"}],"wp:attachment":[{"href":"https:\/\/revomax.auxodev2.dk\/en\/wp-json\/wp\/v2\/media?parent=5450"}],"wp:term":[{"taxonomy":"product_brand","embeddable":true,"href":"https:\/\/revomax.auxodev2.dk\/en\/wp-json\/wp\/v2\/product_brand?post=5450"},{"taxonomy":"product_cat","embeddable":true,"href":"https:\/\/revomax.auxodev2.dk\/en\/wp-json\/wp\/v2\/product_cat?post=5450"},{"taxonomy":"product_tag","embeddable":true,"href":"https:\/\/revomax.auxodev2.dk\/en\/wp-json\/wp\/v2\/product_tag?post=5450"}],"curies":[{"name":"wp","href":"https:\/\/api.w.org\/{rel}","templated":true}]}}