{"id":7749,"date":"2024-09-11T15:04:22","date_gmt":"2024-09-11T13:04:22","guid":{"rendered":"https:\/\/revomax.auxodev2.dk\/?post_type=product&#038;p=7749"},"modified":"2025-08-01T21:36:42","modified_gmt":"2025-08-01T19:36:42","slug":"flettet-paracord-lanyard-skulderstrop","status":"publish","type":"product","link":"https:\/\/revomax.auxodev2.dk\/en\/product\/flettet-paracord-lanyard-skulderstrop\/","title":{"rendered":"Paracord Braided Lanyard Shoulder Strap"},"content":{"rendered":"<p><strong>Our versatile 50cm braided lanyard shoulder strap makes your Revomax water bottle stylish and practical.<\/strong><\/p>\n<p>This strong and flexible lanyard\/shoulder strap has an extra durable carabiner that attaches to the Revomax bottle cap. It is super easy to attach to your backpack, etc. or just carry over your shoulder like a bag.<\/p>\n<p>You get an extra ring that's useful for other forms: keys, ID cards etc. Our lanyards are braided in specially selected colours for a personal and stylish touch.<\/p>\n<p>&nbsp;<\/p>","protected":false},"excerpt":{"rendered":"<p>Vores alsidige 50cm flettede lanyard skulderstrop g\u00f8r din Revomax vandflaske stilfuld og praktisk. Denne st\u00e6rke og fleksible lanyard \/ skulderstrop har en ekstra holdbar karabinhage, der f\u00e6stnes i Revomax flaskens l\u00e5g. Den er super let at fastg\u00f8re til rygs\u00e6kken, mm. eller bare b\u00e6re over skulderen som en taske. Du f\u00e5r en ekstra ring som er [&hellip;]<\/p>","protected":false},"featured_media":8879,"template":"","meta":{"_acf_changed":false},"product_brand":[],"product_cat":[107],"product_tag":[],"class_list":{"0":"post-7749","1":"product","2":"type-product","3":"status-publish","4":"has-post-thumbnail","6":"product_cat-tilbehoer","7":"tm-no-options","9":"first","10":"instock","11":"sale","12":"taxable","13":"shipping-taxable","14":"purchasable","15":"product-type-variable"},"acf":[],"yoast_head":"<!-- This site is optimized with the Yoast SEO plugin v26.9 - https:\/\/yoast.com\/product\/yoast-seo-wordpress\/ -->\n<title>Flettet Paracord Lanyard Skulderstrop | Revomax<\/title>\n<meta name=\"robots\" content=\"noindex, follow, max-snippet:-1, max-image-preview:large, max-video-preview:-1\" \/>\n<meta property=\"og:locale\" content=\"en_GB\" \/>\n<meta property=\"og:type\" content=\"article\" \/>\n<meta property=\"og:title\" content=\"Flettet Paracord Lanyard Skulderstrop | Revomax\" \/>\n<meta property=\"og:description\" content=\"Vores alsidige 50cm flettede lanyard skulderstrop g\u00f8r din Revomax vandflaske stilfuld og praktisk. Denne st\u00e6rke og fleksible lanyard \/ skulderstrop har en ekstra holdbar karabinhage, der f\u00e6stnes i Revomax flaskens l\u00e5g. Den er super let at fastg\u00f8re til rygs\u00e6kken, mm. eller bare b\u00e6re over skulderen som en taske. Du f\u00e5r en ekstra ring som er [&hellip;]\" \/>\n<meta property=\"og:url\" content=\"https:\/\/revomax.auxodev2.dk\/en\/product\/flettet-paracord-lanyard-skulderstrop\/\" \/>\n<meta property=\"og:site_name\" content=\"Revomax\" \/>\n<meta property=\"article:modified_time\" content=\"2025-08-01T19:36:42+00:00\" \/>\n<meta property=\"og:image\" content=\"https:\/\/revomax.auxodev2.dk\/wp-content\/uploads\/24897f66db7ce93c860109d58cb9fdf3-1.jpg\" \/>\n\t<meta property=\"og:image:width\" content=\"1200\" \/>\n\t<meta property=\"og:image:height\" content=\"1200\" \/>\n\t<meta property=\"og:image:type\" content=\"image\/jpeg\" \/>\n<meta name=\"twitter:card\" content=\"summary_large_image\" \/>\n<meta name=\"twitter:label1\" content=\"Estimated reading time\" \/>\n\t<meta name=\"twitter:data1\" content=\"1 minute\" \/>\n<script type=\"application\/ld+json\" class=\"yoast-schema-graph\">{\"@context\":\"https:\/\/schema.org\",\"@graph\":[{\"@type\":\"WebPage\",\"@id\":\"https:\/\/revomax.auxodev2.dk\/vare\/flettet-paracord-lanyard-skulderstrop\/\",\"url\":\"https:\/\/revomax.auxodev2.dk\/vare\/flettet-paracord-lanyard-skulderstrop\/\",\"name\":\"Flettet Paracord Lanyard Skulderstrop | Revomax\",\"isPartOf\":{\"@id\":\"https:\/\/revomax.auxodev2.dk\/#website\"},\"primaryImageOfPage\":{\"@id\":\"https:\/\/revomax.auxodev2.dk\/vare\/flettet-paracord-lanyard-skulderstrop\/#primaryimage\"},\"image\":{\"@id\":\"https:\/\/revomax.auxodev2.dk\/vare\/flettet-paracord-lanyard-skulderstrop\/#primaryimage\"},\"thumbnailUrl\":\"https:\/\/revomax.auxodev2.dk\/wp-content\/uploads\/24897f66db7ce93c860109d58cb9fdf3-1.jpg\",\"datePublished\":\"2024-09-11T13:04:22+00:00\",\"dateModified\":\"2025-08-01T19:36:42+00:00\",\"breadcrumb\":{\"@id\":\"https:\/\/revomax.auxodev2.dk\/vare\/flettet-paracord-lanyard-skulderstrop\/#breadcrumb\"},\"inLanguage\":\"en-GB\",\"potentialAction\":[{\"@type\":\"ReadAction\",\"target\":[\"https:\/\/revomax.auxodev2.dk\/vare\/flettet-paracord-lanyard-skulderstrop\/\"]}]},{\"@type\":\"ImageObject\",\"inLanguage\":\"en-GB\",\"@id\":\"https:\/\/revomax.auxodev2.dk\/vare\/flettet-paracord-lanyard-skulderstrop\/#primaryimage\",\"url\":\"https:\/\/revomax.auxodev2.dk\/wp-content\/uploads\/24897f66db7ce93c860109d58cb9fdf3-1.jpg\",\"contentUrl\":\"https:\/\/revomax.auxodev2.dk\/wp-content\/uploads\/24897f66db7ce93c860109d58cb9fdf3-1.jpg\",\"width\":1200,\"height\":1200},{\"@type\":\"BreadcrumbList\",\"@id\":\"https:\/\/revomax.auxodev2.dk\/vare\/flettet-paracord-lanyard-skulderstrop\/#breadcrumb\",\"itemListElement\":[{\"@type\":\"ListItem\",\"position\":1,\"name\":\"Forside\",\"item\":\"https:\/\/revomax.auxodev2.dk\/\"},{\"@type\":\"ListItem\",\"position\":2,\"name\":\"Shop\",\"item\":\"https:\/\/revomax.auxodev2.dk\/shop\/\"},{\"@type\":\"ListItem\",\"position\":3,\"name\":\"Tilbeh\u00f8r\",\"item\":\"https:\/\/revomax.auxodev2.dk\/kategori\/tilbehoer\/\"},{\"@type\":\"ListItem\",\"position\":4,\"name\":\"Flettet Paracord Lanyard Skulderstrop\"}]},{\"@type\":\"WebSite\",\"@id\":\"https:\/\/revomax.auxodev2.dk\/#website\",\"url\":\"https:\/\/revomax.auxodev2.dk\/\",\"name\":\"Revomax\",\"description\":\"\",\"publisher\":{\"@id\":\"https:\/\/revomax.auxodev2.dk\/#organization\"},\"potentialAction\":[{\"@type\":\"SearchAction\",\"target\":{\"@type\":\"EntryPoint\",\"urlTemplate\":\"https:\/\/revomax.auxodev2.dk\/?s={search_term_string}\"},\"query-input\":{\"@type\":\"PropertyValueSpecification\",\"valueRequired\":true,\"valueName\":\"search_term_string\"}}],\"inLanguage\":\"en-GB\"},{\"@type\":\"Organization\",\"@id\":\"https:\/\/revomax.auxodev2.dk\/#organization\",\"name\":\"Revomax\",\"url\":\"https:\/\/revomax.auxodev2.dk\/\",\"logo\":{\"@type\":\"ImageObject\",\"inLanguage\":\"en-GB\",\"@id\":\"https:\/\/revomax.auxodev2.dk\/#\/schema\/logo\/image\/\",\"url\":\"https:\/\/revomax.auxodev2.dk\/wp-content\/uploads\/Revomax_Logo_White.png\",\"contentUrl\":\"https:\/\/revomax.auxodev2.dk\/wp-content\/uploads\/Revomax_Logo_White.png\",\"width\":1083,\"height\":235,\"caption\":\"Revomax\"},\"image\":{\"@id\":\"https:\/\/revomax.auxodev2.dk\/#\/schema\/logo\/image\/\"}}]}<\/script>\n<!-- \/ Yoast SEO plugin. -->","yoast_head_json":{"title":"Flettet Paracord Lanyard Skulderstrop | Revomax","robots":{"index":"noindex","follow":"follow","max-snippet":"max-snippet:-1","max-image-preview":"max-image-preview:large","max-video-preview":"max-video-preview:-1"},"og_locale":"en_GB","og_type":"article","og_title":"Flettet Paracord Lanyard Skulderstrop | Revomax","og_description":"Vores alsidige 50cm flettede lanyard skulderstrop g\u00f8r din Revomax vandflaske stilfuld og praktisk. Denne st\u00e6rke og fleksible lanyard \/ skulderstrop har en ekstra holdbar karabinhage, der f\u00e6stnes i Revomax flaskens l\u00e5g. Den er super let at fastg\u00f8re til rygs\u00e6kken, mm. eller bare b\u00e6re over skulderen som en taske. Du f\u00e5r en ekstra ring som er [&hellip;]","og_url":"https:\/\/revomax.auxodev2.dk\/en\/product\/flettet-paracord-lanyard-skulderstrop\/","og_site_name":"Revomax","article_modified_time":"2025-08-01T19:36:42+00:00","og_image":[{"width":1200,"height":1200,"url":"https:\/\/revomax.auxodev2.dk\/wp-content\/uploads\/24897f66db7ce93c860109d58cb9fdf3-1.jpg","type":"image\/jpeg"}],"twitter_card":"summary_large_image","twitter_misc":{"Estimated reading time":"1 minute"},"schema":{"@context":"https:\/\/schema.org","@graph":[{"@type":"WebPage","@id":"https:\/\/revomax.auxodev2.dk\/vare\/flettet-paracord-lanyard-skulderstrop\/","url":"https:\/\/revomax.auxodev2.dk\/vare\/flettet-paracord-lanyard-skulderstrop\/","name":"Flettet Paracord Lanyard Skulderstrop | Revomax","isPartOf":{"@id":"https:\/\/revomax.auxodev2.dk\/#website"},"primaryImageOfPage":{"@id":"https:\/\/revomax.auxodev2.dk\/vare\/flettet-paracord-lanyard-skulderstrop\/#primaryimage"},"image":{"@id":"https:\/\/revomax.auxodev2.dk\/vare\/flettet-paracord-lanyard-skulderstrop\/#primaryimage"},"thumbnailUrl":"https:\/\/revomax.auxodev2.dk\/wp-content\/uploads\/24897f66db7ce93c860109d58cb9fdf3-1.jpg","datePublished":"2024-09-11T13:04:22+00:00","dateModified":"2025-08-01T19:36:42+00:00","breadcrumb":{"@id":"https:\/\/revomax.auxodev2.dk\/vare\/flettet-paracord-lanyard-skulderstrop\/#breadcrumb"},"inLanguage":"en-GB","potentialAction":[{"@type":"ReadAction","target":["https:\/\/revomax.auxodev2.dk\/vare\/flettet-paracord-lanyard-skulderstrop\/"]}]},{"@type":"ImageObject","inLanguage":"en-GB","@id":"https:\/\/revomax.auxodev2.dk\/vare\/flettet-paracord-lanyard-skulderstrop\/#primaryimage","url":"https:\/\/revomax.auxodev2.dk\/wp-content\/uploads\/24897f66db7ce93c860109d58cb9fdf3-1.jpg","contentUrl":"https:\/\/revomax.auxodev2.dk\/wp-content\/uploads\/24897f66db7ce93c860109d58cb9fdf3-1.jpg","width":1200,"height":1200},{"@type":"BreadcrumbList","@id":"https:\/\/revomax.auxodev2.dk\/vare\/flettet-paracord-lanyard-skulderstrop\/#breadcrumb","itemListElement":[{"@type":"ListItem","position":1,"name":"Forside","item":"https:\/\/revomax.auxodev2.dk\/"},{"@type":"ListItem","position":2,"name":"Shop","item":"https:\/\/revomax.auxodev2.dk\/shop\/"},{"@type":"ListItem","position":3,"name":"Tilbeh\u00f8r","item":"https:\/\/revomax.auxodev2.dk\/kategori\/tilbehoer\/"},{"@type":"ListItem","position":4,"name":"Flettet Paracord Lanyard Skulderstrop"}]},{"@type":"WebSite","@id":"https:\/\/revomax.auxodev2.dk\/#website","url":"https:\/\/revomax.auxodev2.dk\/","name":"Revomax","description":"","publisher":{"@id":"https:\/\/revomax.auxodev2.dk\/#organization"},"potentialAction":[{"@type":"SearchAction","target":{"@type":"EntryPoint","urlTemplate":"https:\/\/revomax.auxodev2.dk\/?s={search_term_string}"},"query-input":{"@type":"PropertyValueSpecification","valueRequired":true,"valueName":"search_term_string"}}],"inLanguage":"en-GB"},{"@type":"Organization","@id":"https:\/\/revomax.auxodev2.dk\/#organization","name":"Revomax","url":"https:\/\/revomax.auxodev2.dk\/","logo":{"@type":"ImageObject","inLanguage":"en-GB","@id":"https:\/\/revomax.auxodev2.dk\/#\/schema\/logo\/image\/","url":"https:\/\/revomax.auxodev2.dk\/wp-content\/uploads\/Revomax_Logo_White.png","contentUrl":"https:\/\/revomax.auxodev2.dk\/wp-content\/uploads\/Revomax_Logo_White.png","width":1083,"height":235,"caption":"Revomax"},"image":{"@id":"https:\/\/revomax.auxodev2.dk\/#\/schema\/logo\/image\/"}}]}},"_links":{"self":[{"href":"https:\/\/revomax.auxodev2.dk\/en\/wp-json\/wp\/v2\/product\/7749","targetHints":{"allow":["GET"]}}],"collection":[{"href":"https:\/\/revomax.auxodev2.dk\/en\/wp-json\/wp\/v2\/product"}],"about":[{"href":"https:\/\/revomax.auxodev2.dk\/en\/wp-json\/wp\/v2\/types\/product"}],"wp:featuredmedia":[{"embeddable":true,"href":"https:\/\/revomax.auxodev2.dk\/en\/wp-json\/wp\/v2\/media\/8879"}],"wp:attachment":[{"href":"https:\/\/revomax.auxodev2.dk\/en\/wp-json\/wp\/v2\/media?parent=7749"}],"wp:term":[{"taxonomy":"product_brand","embeddable":true,"href":"https:\/\/revomax.auxodev2.dk\/en\/wp-json\/wp\/v2\/product_brand?post=7749"},{"taxonomy":"product_cat","embeddable":true,"href":"https:\/\/revomax.auxodev2.dk\/en\/wp-json\/wp\/v2\/product_cat?post=7749"},{"taxonomy":"product_tag","embeddable":true,"href":"https:\/\/revomax.auxodev2.dk\/en\/wp-json\/wp\/v2\/product_tag?post=7749"}],"curies":[{"name":"wp","href":"https:\/\/api.w.org\/{rel}","templated":true}]}}