{"id":169,"date":"2019-03-05T15:57:40","date_gmt":"2019-03-05T14:57:40","guid":{"rendered":"https:\/\/revomax.auxodev2.dk\/min-konto\/"},"modified":"2024-09-27T10:24:09","modified_gmt":"2024-09-27T08:24:09","slug":"min-konto","status":"publish","type":"page","link":"https:\/\/revomax.auxodev2.dk\/se\/min-konto\/","title":{"rendered":"Mitt konto"},"content":{"rendered":"<div data-elementor-type=\"wp-page\" data-elementor-id=\"169\" class=\"elementor elementor-169\" data-elementor-post-type=\"page\">\n\t\t\t\t<div class=\"elementor-element elementor-element-857657f e-flex e-con-boxed e-con e-parent\" data-id=\"857657f\" data-element_type=\"container\">\n\t\t\t\t\t<div class=\"e-con-inner\">\n\t\t\t\t<div class=\"elementor-element elementor-element-27e3dcc elementor-widget elementor-widget-breadcrumbs\" data-id=\"27e3dcc\" data-element_type=\"widget\" data-widget_type=\"breadcrumbs.default\">\n\t\t\t\t<div class=\"elementor-widget-container\">\n\t\t\t\t\t<p id=\"breadcrumbs\"><span><span><a href=\"https:\/\/revomax.auxodev2.dk\/\">Hemsidan<\/a><\/span><\/span><\/p>\t\t\t\t<\/div>\n\t\t\t\t<\/div>\n\t\t\t\t\t<\/div>\n\t\t\t\t<\/div>\n\t\t<div class=\"elementor-element elementor-element-d33c4a0 e-flex e-con-boxed e-con e-parent\" data-id=\"d33c4a0\" data-element_type=\"container\" data-settings=\"{&quot;background_background&quot;:&quot;classic&quot;}\">\n\t\t\t\t\t<div class=\"e-con-inner\">\n\t\t<div class=\"elementor-element elementor-element-218a57a e-con-full e-flex e-con e-child\" data-id=\"218a57a\" data-element_type=\"container\">\n\t\t\t\t<div class=\"elementor-element elementor-element-8af80b4 elementor-widget__width-initial elementor-widget elementor-widget-text-editor\" data-id=\"8af80b4\" data-element_type=\"widget\" data-widget_type=\"text-editor.default\">\n\t\t\t\t<div class=\"elementor-widget-container\">\n\t\t\t\t\t\t\t\t\t<p>Din personliga webbplats - allt p\u00e5 ett st\u00e4lle. Genom att logga in p\u00e5 ditt konto kan du se en \u00f6versikt \u00f6ver dina best\u00e4llningar och preferenser, enkelt uppdatera din information etc. Du kan skapa en anv\u00e4ndare n\u00e4r du g\u00f6r ditt f\u00f6rsta k\u00f6p i webbshoppen, sedan har du m\u00f6jlighet att skapa din egen anv\u00e4ndare hos oss under k\u00f6pprocessen.<\/p>\t\t\t\t\t\t\t\t<\/div>\n\t\t\t\t<\/div>\n\t\t\t\t<div class=\"elementor-element elementor-element-957ffac e-my-account-tabs-vertical elementor-widget elementor-widget-woocommerce-my-account\" data-id=\"957ffac\" data-element_type=\"widget\" data-widget_type=\"woocommerce-my-account.default\">\n\t\t\t\t<div class=\"elementor-widget-container\">\n\t\t\t\t\t<div class=\"e-my-account-tab e-my-account-tab__\">\t\t\t<div class=\"woocommerce\"><\/div>\t\t<\/div>\n\t\t\t\t\t\t<\/div>\n\t\t\t\t<\/div>\n\t\t\t\t<\/div>\n\t\t\t\t\t<\/div>\n\t\t\t\t<\/div>\n\t\t\t\t<\/div>","protected":false},"excerpt":{"rendered":"<p>Din personlige side \u2013 alt samlet \u00e9t sted. Ved at logge ind p\u00e5 din konto kan du se overblik over dine ordrer og pr\u00e6ferencer, nemt opdatere dine oplysninger m.m. Du kan oprette en bruger n\u00e5r du laver dit f\u00f8rste k\u00f8b p\u00e5 webshoppen, s\u00e5 vil du under k\u00f8bsprocessen have mulighed for at oprette din egen bruger [&hellip;]<\/p>","protected":false},"author":1,"featured_media":0,"parent":0,"menu_order":0,"comment_status":"closed","ping_status":"closed","template":"","meta":{"_acf_changed":false,"footnotes":""},"class_list":["post-169","page","type-page","status-publish","hentry"],"acf":[],"yoast_head":"<!-- This site is optimized with the Yoast SEO plugin v26.9 - https:\/\/yoast.com\/product\/yoast-seo-wordpress\/ -->\n<title>Min konto | Revomax<\/title>\n<meta name=\"robots\" content=\"noindex, follow, max-snippet:-1, max-image-preview:large, max-video-preview:-1\" \/>\n<meta property=\"og:locale\" content=\"sv_SE\" \/>\n<meta property=\"og:type\" content=\"article\" \/>\n<meta property=\"og:title\" content=\"Min konto | Revomax\" \/>\n<meta property=\"og:description\" content=\"Din personlige side \u2013 alt samlet \u00e9t sted. Ved at logge ind p\u00e5 din konto kan du se overblik over dine ordrer og pr\u00e6ferencer, nemt opdatere dine oplysninger m.m. Du kan oprette en bruger n\u00e5r du laver dit f\u00f8rste k\u00f8b p\u00e5 webshoppen, s\u00e5 vil du under k\u00f8bsprocessen have mulighed for at oprette din egen bruger [&hellip;]\" \/>\n<meta property=\"og:url\" content=\"https:\/\/revomax.auxodev2.dk\/se\/min-konto\/\" \/>\n<meta property=\"og:site_name\" content=\"Revomax\" \/>\n<meta property=\"article:modified_time\" content=\"2024-09-27T08:24:09+00:00\" \/>\n<meta name=\"twitter:card\" content=\"summary_large_image\" \/>\n<meta name=\"twitter:label1\" content=\"Ber\u00e4knad l\u00e4stid\" \/>\n\t<meta name=\"twitter:data1\" content=\"2 minuter\" \/>\n<script type=\"application\/ld+json\" class=\"yoast-schema-graph\">{\"@context\":\"https:\/\/schema.org\",\"@graph\":[{\"@type\":\"WebPage\",\"@id\":\"https:\/\/revomax.auxodev2.dk\/min-konto\/\",\"url\":\"https:\/\/revomax.auxodev2.dk\/min-konto\/\",\"name\":\"Min konto | Revomax\",\"isPartOf\":{\"@id\":\"https:\/\/revomax.auxodev2.dk\/#website\"},\"datePublished\":\"2019-03-05T14:57:40+00:00\",\"dateModified\":\"2024-09-27T08:24:09+00:00\",\"breadcrumb\":{\"@id\":\"https:\/\/revomax.auxodev2.dk\/min-konto\/#breadcrumb\"},\"inLanguage\":\"sv-SE\",\"potentialAction\":[{\"@type\":\"ReadAction\",\"target\":[\"https:\/\/revomax.auxodev2.dk\/min-konto\/\"]}]},{\"@type\":\"BreadcrumbList\",\"@id\":\"https:\/\/revomax.auxodev2.dk\/min-konto\/#breadcrumb\",\"itemListElement\":[{\"@type\":\"ListItem\",\"position\":1,\"name\":\"Forside\",\"item\":\"https:\/\/revomax.auxodev2.dk\/\"},{\"@type\":\"ListItem\",\"position\":2,\"name\":\"Min konto\"}]},{\"@type\":\"WebSite\",\"@id\":\"https:\/\/revomax.auxodev2.dk\/#website\",\"url\":\"https:\/\/revomax.auxodev2.dk\/\",\"name\":\"Revomax\",\"description\":\"\",\"publisher\":{\"@id\":\"https:\/\/revomax.auxodev2.dk\/#organization\"},\"potentialAction\":[{\"@type\":\"SearchAction\",\"target\":{\"@type\":\"EntryPoint\",\"urlTemplate\":\"https:\/\/revomax.auxodev2.dk\/?s={search_term_string}\"},\"query-input\":{\"@type\":\"PropertyValueSpecification\",\"valueRequired\":true,\"valueName\":\"search_term_string\"}}],\"inLanguage\":\"sv-SE\"},{\"@type\":\"Organization\",\"@id\":\"https:\/\/revomax.auxodev2.dk\/#organization\",\"name\":\"Revomax\",\"url\":\"https:\/\/revomax.auxodev2.dk\/\",\"logo\":{\"@type\":\"ImageObject\",\"inLanguage\":\"sv-SE\",\"@id\":\"https:\/\/revomax.auxodev2.dk\/#\/schema\/logo\/image\/\",\"url\":\"https:\/\/revomax.auxodev2.dk\/wp-content\/uploads\/Revomax_Logo_White.png\",\"contentUrl\":\"https:\/\/revomax.auxodev2.dk\/wp-content\/uploads\/Revomax_Logo_White.png\",\"width\":1083,\"height\":235,\"caption\":\"Revomax\"},\"image\":{\"@id\":\"https:\/\/revomax.auxodev2.dk\/#\/schema\/logo\/image\/\"}}]}<\/script>\n<!-- \/ Yoast SEO plugin. -->","yoast_head_json":{"title":"Min konto | Revomax","robots":{"index":"noindex","follow":"follow","max-snippet":"max-snippet:-1","max-image-preview":"max-image-preview:large","max-video-preview":"max-video-preview:-1"},"og_locale":"sv_SE","og_type":"article","og_title":"Min konto | Revomax","og_description":"Din personlige side \u2013 alt samlet \u00e9t sted. Ved at logge ind p\u00e5 din konto kan du se overblik over dine ordrer og pr\u00e6ferencer, nemt opdatere dine oplysninger m.m. Du kan oprette en bruger n\u00e5r du laver dit f\u00f8rste k\u00f8b p\u00e5 webshoppen, s\u00e5 vil du under k\u00f8bsprocessen have mulighed for at oprette din egen bruger [&hellip;]","og_url":"https:\/\/revomax.auxodev2.dk\/se\/min-konto\/","og_site_name":"Revomax","article_modified_time":"2024-09-27T08:24:09+00:00","twitter_card":"summary_large_image","twitter_misc":{"Ber\u00e4knad l\u00e4stid":"2 minuter"},"schema":{"@context":"https:\/\/schema.org","@graph":[{"@type":"WebPage","@id":"https:\/\/revomax.auxodev2.dk\/min-konto\/","url":"https:\/\/revomax.auxodev2.dk\/min-konto\/","name":"Min konto | Revomax","isPartOf":{"@id":"https:\/\/revomax.auxodev2.dk\/#website"},"datePublished":"2019-03-05T14:57:40+00:00","dateModified":"2024-09-27T08:24:09+00:00","breadcrumb":{"@id":"https:\/\/revomax.auxodev2.dk\/min-konto\/#breadcrumb"},"inLanguage":"sv-SE","potentialAction":[{"@type":"ReadAction","target":["https:\/\/revomax.auxodev2.dk\/min-konto\/"]}]},{"@type":"BreadcrumbList","@id":"https:\/\/revomax.auxodev2.dk\/min-konto\/#breadcrumb","itemListElement":[{"@type":"ListItem","position":1,"name":"Forside","item":"https:\/\/revomax.auxodev2.dk\/"},{"@type":"ListItem","position":2,"name":"Min konto"}]},{"@type":"WebSite","@id":"https:\/\/revomax.auxodev2.dk\/#website","url":"https:\/\/revomax.auxodev2.dk\/","name":"Revomax","description":"","publisher":{"@id":"https:\/\/revomax.auxodev2.dk\/#organization"},"potentialAction":[{"@type":"SearchAction","target":{"@type":"EntryPoint","urlTemplate":"https:\/\/revomax.auxodev2.dk\/?s={search_term_string}"},"query-input":{"@type":"PropertyValueSpecification","valueRequired":true,"valueName":"search_term_string"}}],"inLanguage":"sv-SE"},{"@type":"Organization","@id":"https:\/\/revomax.auxodev2.dk\/#organization","name":"Revomax","url":"https:\/\/revomax.auxodev2.dk\/","logo":{"@type":"ImageObject","inLanguage":"sv-SE","@id":"https:\/\/revomax.auxodev2.dk\/#\/schema\/logo\/image\/","url":"https:\/\/revomax.auxodev2.dk\/wp-content\/uploads\/Revomax_Logo_White.png","contentUrl":"https:\/\/revomax.auxodev2.dk\/wp-content\/uploads\/Revomax_Logo_White.png","width":1083,"height":235,"caption":"Revomax"},"image":{"@id":"https:\/\/revomax.auxodev2.dk\/#\/schema\/logo\/image\/"}}]}},"_links":{"self":[{"href":"https:\/\/revomax.auxodev2.dk\/se\/wp-json\/wp\/v2\/pages\/169","targetHints":{"allow":["GET"]}}],"collection":[{"href":"https:\/\/revomax.auxodev2.dk\/se\/wp-json\/wp\/v2\/pages"}],"about":[{"href":"https:\/\/revomax.auxodev2.dk\/se\/wp-json\/wp\/v2\/types\/page"}],"author":[{"embeddable":true,"href":"https:\/\/revomax.auxodev2.dk\/se\/wp-json\/wp\/v2\/users\/1"}],"replies":[{"embeddable":true,"href":"https:\/\/revomax.auxodev2.dk\/se\/wp-json\/wp\/v2\/comments?post=169"}],"version-history":[{"count":0,"href":"https:\/\/revomax.auxodev2.dk\/se\/wp-json\/wp\/v2\/pages\/169\/revisions"}],"wp:attachment":[{"href":"https:\/\/revomax.auxodev2.dk\/se\/wp-json\/wp\/v2\/media?parent=169"}],"curies":[{"name":"wp","href":"https:\/\/api.w.org\/{rel}","templated":true}]}}