{"id":5587,"date":"2024-07-17T10:56:09","date_gmt":"2024-07-17T08:56:09","guid":{"rendered":"https:\/\/revomax.auxodev2.dk\/?post_type=product&#038;p=5587"},"modified":"2025-08-05T12:57:31","modified_gmt":"2025-08-05T10:57:31","slug":"revomax-boerste","status":"publish","type":"product","link":"https:\/\/revomax.auxodev2.dk\/se\/produkt\/revomax-boerste\/","title":{"rendered":"Revomax Sisal Tr\u00e4 Eco Borste"},"content":{"rendered":"<p><strong>G\u00f6r flaskreng\u00f6ringen enkel och h\u00e5llbar med v\u00e5r milj\u00f6v\u00e4nliga flaskreng\u00f6rare i sisal.<\/strong><\/p>\n<p>Borsten har ett l\u00e5ngt tr\u00e4handtag, rostfritt st\u00e5l och naturliga sisalfibrer som reng\u00f6r \u00e4ven de smalaste flaskorna utan att repa. Den praktiska remmen g\u00f6r det enkelt att h\u00e4nga upp borsten f\u00f6r snabb och hygienisk torkning. Den \u00e4r ocks\u00e5 perfekt f\u00f6r vaser, burkar och nappflaskor.<\/p>\n<p>V\u00e5r flaskborste \u00e4r skapad med b\u00e5de funktionalitet och h\u00e5llbarhet i \u00e5tanke.<\/p>","protected":false},"excerpt":{"rendered":"<p>G\u00f8r flaskereng\u00f8ring nem og b\u00e6redygtig med vores milj\u00f8venlige sisal flaskerenser. B\u00f8rsten har et langt tr\u00e6h\u00e5ndtag, rustfrit st\u00e5l og naturlige sisalfibre, der reng\u00f8r selv de smalleste flasker uden at ridse. Den praktiske strop g\u00f8r det let at h\u00e6nge b\u00f8rsten op til hurtig, hygiejnisk t\u00f8rring. Den er ogs\u00e5 fantastisk til vaser, krukker og sutteflasker. Vores flaskeb\u00f8rste er [&hellip;]<\/p>","protected":false},"featured_media":7406,"template":"","meta":{"_acf_changed":false},"product_brand":[],"product_cat":[107],"product_tag":[],"class_list":{"0":"post-5587","1":"product","2":"type-product","3":"status-publish","4":"has-post-thumbnail","6":"product_cat-tilbehoer","7":"tm-no-options","9":"first","10":"instock","11":"sale","12":"taxable","13":"shipping-taxable","14":"purchasable","15":"product-type-simple"},"acf":[],"yoast_head":"<!-- This site is optimized with the Yoast SEO plugin v26.9 - https:\/\/yoast.com\/product\/yoast-seo-wordpress\/ -->\n<title>Revomax Sisal Wood \u00d8ko B\u00f8rste | Revomax<\/title>\n<meta name=\"robots\" content=\"noindex, follow, max-snippet:-1, max-image-preview:large, max-video-preview:-1\" \/>\n<meta property=\"og:locale\" content=\"sv_SE\" \/>\n<meta property=\"og:type\" content=\"article\" \/>\n<meta property=\"og:title\" content=\"Revomax Sisal Wood \u00d8ko B\u00f8rste | Revomax\" \/>\n<meta property=\"og:description\" content=\"G\u00f8r flaskereng\u00f8ring nem og b\u00e6redygtig med vores milj\u00f8venlige sisal flaskerenser. B\u00f8rsten har et langt tr\u00e6h\u00e5ndtag, rustfrit st\u00e5l og naturlige sisalfibre, der reng\u00f8r selv de smalleste flasker uden at ridse. Den praktiske strop g\u00f8r det let at h\u00e6nge b\u00f8rsten op til hurtig, hygiejnisk t\u00f8rring. Den er ogs\u00e5 fantastisk til vaser, krukker og sutteflasker. Vores flaskeb\u00f8rste er [&hellip;]\" \/>\n<meta property=\"og:url\" content=\"https:\/\/revomax.auxodev2.dk\/se\/produkt\/revomax-boerste\/\" \/>\n<meta property=\"og:site_name\" content=\"Revomax\" \/>\n<meta property=\"article:modified_time\" content=\"2025-08-05T10:57:31+00:00\" \/>\n<meta property=\"og:image\" content=\"https:\/\/revomax.auxodev2.dk\/wp-content\/uploads\/Boerste_Mainbillede01.jpg\" \/>\n\t<meta property=\"og:image:width\" content=\"1024\" \/>\n\t<meta property=\"og:image:height\" content=\"1024\" \/>\n\t<meta property=\"og:image:type\" content=\"image\/jpeg\" \/>\n<meta name=\"twitter:card\" content=\"summary_large_image\" \/>\n<meta name=\"twitter:label1\" content=\"Ber\u00e4knad l\u00e4stid\" \/>\n\t<meta name=\"twitter:data1\" content=\"1 minut\" \/>\n<script type=\"application\/ld+json\" class=\"yoast-schema-graph\">{\"@context\":\"https:\/\/schema.org\",\"@graph\":[{\"@type\":\"WebPage\",\"@id\":\"https:\/\/revomax.auxodev2.dk\/vare\/revomax-boerste\/\",\"url\":\"https:\/\/revomax.auxodev2.dk\/vare\/revomax-boerste\/\",\"name\":\"Revomax Sisal Wood \u00d8ko B\u00f8rste | Revomax\",\"isPartOf\":{\"@id\":\"https:\/\/revomax.auxodev2.dk\/#website\"},\"primaryImageOfPage\":{\"@id\":\"https:\/\/revomax.auxodev2.dk\/vare\/revomax-boerste\/#primaryimage\"},\"image\":{\"@id\":\"https:\/\/revomax.auxodev2.dk\/vare\/revomax-boerste\/#primaryimage\"},\"thumbnailUrl\":\"https:\/\/revomax.auxodev2.dk\/wp-content\/uploads\/Boerste_Mainbillede01.jpg\",\"datePublished\":\"2024-07-17T08:56:09+00:00\",\"dateModified\":\"2025-08-05T10:57:31+00:00\",\"breadcrumb\":{\"@id\":\"https:\/\/revomax.auxodev2.dk\/vare\/revomax-boerste\/#breadcrumb\"},\"inLanguage\":\"sv-SE\",\"potentialAction\":[{\"@type\":\"ReadAction\",\"target\":[\"https:\/\/revomax.auxodev2.dk\/vare\/revomax-boerste\/\"]}]},{\"@type\":\"ImageObject\",\"inLanguage\":\"sv-SE\",\"@id\":\"https:\/\/revomax.auxodev2.dk\/vare\/revomax-boerste\/#primaryimage\",\"url\":\"https:\/\/revomax.auxodev2.dk\/wp-content\/uploads\/Boerste_Mainbillede01.jpg\",\"contentUrl\":\"https:\/\/revomax.auxodev2.dk\/wp-content\/uploads\/Boerste_Mainbillede01.jpg\",\"width\":1024,\"height\":1024},{\"@type\":\"BreadcrumbList\",\"@id\":\"https:\/\/revomax.auxodev2.dk\/vare\/revomax-boerste\/#breadcrumb\",\"itemListElement\":[{\"@type\":\"ListItem\",\"position\":1,\"name\":\"Forside\",\"item\":\"https:\/\/revomax.auxodev2.dk\/\"},{\"@type\":\"ListItem\",\"position\":2,\"name\":\"Shop\",\"item\":\"https:\/\/revomax.auxodev2.dk\/shop\/\"},{\"@type\":\"ListItem\",\"position\":3,\"name\":\"Tilbeh\u00f8r\",\"item\":\"https:\/\/revomax.auxodev2.dk\/kategori\/tilbehoer\/\"},{\"@type\":\"ListItem\",\"position\":4,\"name\":\"Revomax Sisal Wood \u00d8ko B\u00f8rste\"}]},{\"@type\":\"WebSite\",\"@id\":\"https:\/\/revomax.auxodev2.dk\/#website\",\"url\":\"https:\/\/revomax.auxodev2.dk\/\",\"name\":\"Revomax\",\"description\":\"\",\"publisher\":{\"@id\":\"https:\/\/revomax.auxodev2.dk\/#organization\"},\"potentialAction\":[{\"@type\":\"SearchAction\",\"target\":{\"@type\":\"EntryPoint\",\"urlTemplate\":\"https:\/\/revomax.auxodev2.dk\/?s={search_term_string}\"},\"query-input\":{\"@type\":\"PropertyValueSpecification\",\"valueRequired\":true,\"valueName\":\"search_term_string\"}}],\"inLanguage\":\"sv-SE\"},{\"@type\":\"Organization\",\"@id\":\"https:\/\/revomax.auxodev2.dk\/#organization\",\"name\":\"Revomax\",\"url\":\"https:\/\/revomax.auxodev2.dk\/\",\"logo\":{\"@type\":\"ImageObject\",\"inLanguage\":\"sv-SE\",\"@id\":\"https:\/\/revomax.auxodev2.dk\/#\/schema\/logo\/image\/\",\"url\":\"https:\/\/revomax.auxodev2.dk\/wp-content\/uploads\/Revomax_Logo_White.png\",\"contentUrl\":\"https:\/\/revomax.auxodev2.dk\/wp-content\/uploads\/Revomax_Logo_White.png\",\"width\":1083,\"height\":235,\"caption\":\"Revomax\"},\"image\":{\"@id\":\"https:\/\/revomax.auxodev2.dk\/#\/schema\/logo\/image\/\"}}]}<\/script>\n<!-- \/ Yoast SEO plugin. -->","yoast_head_json":{"title":"Revomax Sisal Wood \u00d8ko B\u00f8rste | Revomax","robots":{"index":"noindex","follow":"follow","max-snippet":"max-snippet:-1","max-image-preview":"max-image-preview:large","max-video-preview":"max-video-preview:-1"},"og_locale":"sv_SE","og_type":"article","og_title":"Revomax Sisal Wood \u00d8ko B\u00f8rste | Revomax","og_description":"G\u00f8r flaskereng\u00f8ring nem og b\u00e6redygtig med vores milj\u00f8venlige sisal flaskerenser. B\u00f8rsten har et langt tr\u00e6h\u00e5ndtag, rustfrit st\u00e5l og naturlige sisalfibre, der reng\u00f8r selv de smalleste flasker uden at ridse. Den praktiske strop g\u00f8r det let at h\u00e6nge b\u00f8rsten op til hurtig, hygiejnisk t\u00f8rring. Den er ogs\u00e5 fantastisk til vaser, krukker og sutteflasker. Vores flaskeb\u00f8rste er [&hellip;]","og_url":"https:\/\/revomax.auxodev2.dk\/se\/produkt\/revomax-boerste\/","og_site_name":"Revomax","article_modified_time":"2025-08-05T10:57:31+00:00","og_image":[{"width":1024,"height":1024,"url":"https:\/\/revomax.auxodev2.dk\/wp-content\/uploads\/Boerste_Mainbillede01.jpg","type":"image\/jpeg"}],"twitter_card":"summary_large_image","twitter_misc":{"Ber\u00e4knad l\u00e4stid":"1 minut"},"schema":{"@context":"https:\/\/schema.org","@graph":[{"@type":"WebPage","@id":"https:\/\/revomax.auxodev2.dk\/vare\/revomax-boerste\/","url":"https:\/\/revomax.auxodev2.dk\/vare\/revomax-boerste\/","name":"Revomax Sisal Wood \u00d8ko B\u00f8rste | Revomax","isPartOf":{"@id":"https:\/\/revomax.auxodev2.dk\/#website"},"primaryImageOfPage":{"@id":"https:\/\/revomax.auxodev2.dk\/vare\/revomax-boerste\/#primaryimage"},"image":{"@id":"https:\/\/revomax.auxodev2.dk\/vare\/revomax-boerste\/#primaryimage"},"thumbnailUrl":"https:\/\/revomax.auxodev2.dk\/wp-content\/uploads\/Boerste_Mainbillede01.jpg","datePublished":"2024-07-17T08:56:09+00:00","dateModified":"2025-08-05T10:57:31+00:00","breadcrumb":{"@id":"https:\/\/revomax.auxodev2.dk\/vare\/revomax-boerste\/#breadcrumb"},"inLanguage":"sv-SE","potentialAction":[{"@type":"ReadAction","target":["https:\/\/revomax.auxodev2.dk\/vare\/revomax-boerste\/"]}]},{"@type":"ImageObject","inLanguage":"sv-SE","@id":"https:\/\/revomax.auxodev2.dk\/vare\/revomax-boerste\/#primaryimage","url":"https:\/\/revomax.auxodev2.dk\/wp-content\/uploads\/Boerste_Mainbillede01.jpg","contentUrl":"https:\/\/revomax.auxodev2.dk\/wp-content\/uploads\/Boerste_Mainbillede01.jpg","width":1024,"height":1024},{"@type":"BreadcrumbList","@id":"https:\/\/revomax.auxodev2.dk\/vare\/revomax-boerste\/#breadcrumb","itemListElement":[{"@type":"ListItem","position":1,"name":"Forside","item":"https:\/\/revomax.auxodev2.dk\/"},{"@type":"ListItem","position":2,"name":"Shop","item":"https:\/\/revomax.auxodev2.dk\/shop\/"},{"@type":"ListItem","position":3,"name":"Tilbeh\u00f8r","item":"https:\/\/revomax.auxodev2.dk\/kategori\/tilbehoer\/"},{"@type":"ListItem","position":4,"name":"Revomax Sisal Wood \u00d8ko B\u00f8rste"}]},{"@type":"WebSite","@id":"https:\/\/revomax.auxodev2.dk\/#website","url":"https:\/\/revomax.auxodev2.dk\/","name":"Revomax","description":"","publisher":{"@id":"https:\/\/revomax.auxodev2.dk\/#organization"},"potentialAction":[{"@type":"SearchAction","target":{"@type":"EntryPoint","urlTemplate":"https:\/\/revomax.auxodev2.dk\/?s={search_term_string}"},"query-input":{"@type":"PropertyValueSpecification","valueRequired":true,"valueName":"search_term_string"}}],"inLanguage":"sv-SE"},{"@type":"Organization","@id":"https:\/\/revomax.auxodev2.dk\/#organization","name":"Revomax","url":"https:\/\/revomax.auxodev2.dk\/","logo":{"@type":"ImageObject","inLanguage":"sv-SE","@id":"https:\/\/revomax.auxodev2.dk\/#\/schema\/logo\/image\/","url":"https:\/\/revomax.auxodev2.dk\/wp-content\/uploads\/Revomax_Logo_White.png","contentUrl":"https:\/\/revomax.auxodev2.dk\/wp-content\/uploads\/Revomax_Logo_White.png","width":1083,"height":235,"caption":"Revomax"},"image":{"@id":"https:\/\/revomax.auxodev2.dk\/#\/schema\/logo\/image\/"}}]}},"_links":{"self":[{"href":"https:\/\/revomax.auxodev2.dk\/se\/wp-json\/wp\/v2\/product\/5587","targetHints":{"allow":["GET"]}}],"collection":[{"href":"https:\/\/revomax.auxodev2.dk\/se\/wp-json\/wp\/v2\/product"}],"about":[{"href":"https:\/\/revomax.auxodev2.dk\/se\/wp-json\/wp\/v2\/types\/product"}],"wp:featuredmedia":[{"embeddable":true,"href":"https:\/\/revomax.auxodev2.dk\/se\/wp-json\/wp\/v2\/media\/7406"}],"wp:attachment":[{"href":"https:\/\/revomax.auxodev2.dk\/se\/wp-json\/wp\/v2\/media?parent=5587"}],"wp:term":[{"taxonomy":"product_brand","embeddable":true,"href":"https:\/\/revomax.auxodev2.dk\/se\/wp-json\/wp\/v2\/product_brand?post=5587"},{"taxonomy":"product_cat","embeddable":true,"href":"https:\/\/revomax.auxodev2.dk\/se\/wp-json\/wp\/v2\/product_cat?post=5587"},{"taxonomy":"product_tag","embeddable":true,"href":"https:\/\/revomax.auxodev2.dk\/se\/wp-json\/wp\/v2\/product_tag?post=5587"}],"curies":[{"name":"wp","href":"https:\/\/api.w.org\/{rel}","templated":true}]}}