{"id":7461,"date":"2024-09-11T15:03:44","date_gmt":"2024-09-11T13:03:44","guid":{"rendered":"https:\/\/revomax.auxodev2.dk\/?post_type=product&#038;p=7461"},"modified":"2025-07-06T09:41:06","modified_gmt":"2025-07-06T07:41:06","slug":"flettet-paracord-flaskeholder-baeretaske","status":"publish","type":"product","link":"https:\/\/revomax.auxodev2.dk\/se\/produkt\/flettet-paracord-flaskeholder-baeretaske\/","title":{"rendered":"Paracord Fl\u00e4tad flaskh\u00e5llare - b\u00e4rv\u00e4ska"},"content":{"rendered":"<p><strong>F\u00f6rvandla din vattenflaskupplevelse med v\u00e5ra exklusiva, handgjorda b\u00e4rfodral i paracord, designade speciellt f\u00f6r Revomax<\/strong><\/p>\n<p>Dessa snygga, handfl\u00e4tade b\u00e4rkassar \u00e4r tillverkade av h\u00f6gkvalitativ fallsk\u00e4rmslina\/paracord f\u00f6r perfekt passform och h\u00e5llbarhet. Designen g\u00f6r det enkelt och bekv\u00e4mt att ta med din Revomax-vattenflaska \u00f6verallt. Den fl\u00e4tade designen med paracordn\u00e4t passar alla Revomax-flaskstorlekar. Den l\u00e5nga axelremmen kan tas av f\u00f6r m\u00e5ngsidig anv\u00e4ndning.<\/p>\n<p>V\u00e5ra vattenflaskh\u00e5llare finns i fantastiska f\u00e4rger och \u00e4r utrustade med kvalitetsh\u00e5rdvara f\u00f6r maximal tillf\u00f6rlitlighet - den perfekta kombinationen av stil och funktionalitet f\u00f6r vardag och utflykter.<\/p>\n<p>Passar alla 266 ml, 355 ml, 473 ml och 592 ml flaskor.<\/p>","protected":false},"excerpt":{"rendered":"<p>Forvandl din vandflaskeoplevelse med vores eksklusive, h\u00e5ndlavede paracord b\u00e6retasker, designet specielt til Revomax Disse stilfulde, h\u00e5ndflettede b\u00e6retasker er lavet af h\u00f8j kvalitet faldsk\u00e6rmssnor \/ paracord for perfekt pasform og holdbarhed. Designet g\u00f8r det nemt og komfortabelt at tage din Revomax vandflaske med overalt. Det flettede paracord net design passer til alle Revomax flaske st\u00f8rrelser. Den [&hellip;]<\/p>","protected":false},"featured_media":8738,"template":"","meta":{"_acf_changed":false},"product_brand":[],"product_cat":[107],"product_tag":[],"class_list":{"0":"post-7461","1":"product","2":"type-product","3":"status-publish","4":"has-post-thumbnail","6":"product_cat-tilbehoer","7":"tm-no-options","9":"first","10":"instock","11":"taxable","12":"shipping-taxable","13":"purchasable","14":"product-type-variable","15":"has-default-attributes"},"acf":[],"yoast_head":"<!-- This site is optimized with the Yoast SEO plugin v26.9 - https:\/\/yoast.com\/product\/yoast-seo-wordpress\/ -->\n<title>Flettet Paracord Flaskeholder - B\u00e6retaske | Revomax<\/title>\n<meta name=\"robots\" content=\"noindex, follow, max-snippet:-1, max-image-preview:large, max-video-preview:-1\" \/>\n<meta property=\"og:locale\" content=\"sv_SE\" \/>\n<meta property=\"og:type\" content=\"article\" \/>\n<meta property=\"og:title\" content=\"Flettet Paracord Flaskeholder - B\u00e6retaske | Revomax\" \/>\n<meta property=\"og:description\" content=\"Forvandl din vandflaskeoplevelse med vores eksklusive, h\u00e5ndlavede paracord b\u00e6retasker, designet specielt til Revomax Disse stilfulde, h\u00e5ndflettede b\u00e6retasker er lavet af h\u00f8j kvalitet faldsk\u00e6rmssnor \/ paracord for perfekt pasform og holdbarhed. Designet g\u00f8r det nemt og komfortabelt at tage din Revomax vandflaske med overalt. Det flettede paracord net design passer til alle Revomax flaske st\u00f8rrelser. Den [&hellip;]\" \/>\n<meta property=\"og:url\" content=\"https:\/\/revomax.auxodev2.dk\/se\/produkt\/flettet-paracord-flaskeholder-baeretaske\/\" \/>\n<meta property=\"og:site_name\" content=\"Revomax\" \/>\n<meta property=\"article:modified_time\" content=\"2025-07-06T07:41:06+00:00\" \/>\n<meta property=\"og:image\" content=\"https:\/\/revomax.auxodev2.dk\/wp-content\/uploads\/Produktbillede08.jpg\" \/>\n\t<meta property=\"og:image:width\" content=\"1024\" \/>\n\t<meta property=\"og:image:height\" content=\"1024\" \/>\n\t<meta property=\"og:image:type\" content=\"image\/jpeg\" \/>\n<meta name=\"twitter:card\" content=\"summary_large_image\" \/>\n<meta name=\"twitter:label1\" content=\"Ber\u00e4knad l\u00e4stid\" \/>\n\t<meta name=\"twitter:data1\" content=\"1 minut\" \/>\n<script type=\"application\/ld+json\" class=\"yoast-schema-graph\">{\"@context\":\"https:\/\/schema.org\",\"@graph\":[{\"@type\":\"WebPage\",\"@id\":\"https:\/\/revomax.auxodev2.dk\/vare\/flettet-paracord-flaskeholder-baeretaske\/\",\"url\":\"https:\/\/revomax.auxodev2.dk\/vare\/flettet-paracord-flaskeholder-baeretaske\/\",\"name\":\"Flettet Paracord Flaskeholder - B\u00e6retaske | Revomax\",\"isPartOf\":{\"@id\":\"https:\/\/revomax.auxodev2.dk\/#website\"},\"primaryImageOfPage\":{\"@id\":\"https:\/\/revomax.auxodev2.dk\/vare\/flettet-paracord-flaskeholder-baeretaske\/#primaryimage\"},\"image\":{\"@id\":\"https:\/\/revomax.auxodev2.dk\/vare\/flettet-paracord-flaskeholder-baeretaske\/#primaryimage\"},\"thumbnailUrl\":\"https:\/\/revomax.auxodev2.dk\/wp-content\/uploads\/20240912_045823200_iOS.jpg\",\"datePublished\":\"2024-09-11T13:03:44+00:00\",\"dateModified\":\"2025-07-06T07:41:06+00:00\",\"breadcrumb\":{\"@id\":\"https:\/\/revomax.auxodev2.dk\/vare\/flettet-paracord-flaskeholder-baeretaske\/#breadcrumb\"},\"inLanguage\":\"sv-SE\",\"potentialAction\":[{\"@type\":\"ReadAction\",\"target\":[\"https:\/\/revomax.auxodev2.dk\/vare\/flettet-paracord-flaskeholder-baeretaske\/\"]}]},{\"@type\":\"ImageObject\",\"inLanguage\":\"sv-SE\",\"@id\":\"https:\/\/revomax.auxodev2.dk\/vare\/flettet-paracord-flaskeholder-baeretaske\/#primaryimage\",\"url\":\"https:\/\/revomax.auxodev2.dk\/wp-content\/uploads\/20240912_045823200_iOS.jpg\",\"contentUrl\":\"https:\/\/revomax.auxodev2.dk\/wp-content\/uploads\/20240912_045823200_iOS.jpg\",\"width\":591,\"height\":591},{\"@type\":\"BreadcrumbList\",\"@id\":\"https:\/\/revomax.auxodev2.dk\/vare\/flettet-paracord-flaskeholder-baeretaske\/#breadcrumb\",\"itemListElement\":[{\"@type\":\"ListItem\",\"position\":1,\"name\":\"Forside\",\"item\":\"https:\/\/revomax.auxodev2.dk\/\"},{\"@type\":\"ListItem\",\"position\":2,\"name\":\"Shop\",\"item\":\"https:\/\/revomax.auxodev2.dk\/shop\/\"},{\"@type\":\"ListItem\",\"position\":3,\"name\":\"Tilbeh\u00f8r\",\"item\":\"https:\/\/revomax.auxodev2.dk\/kategori\/tilbehoer\/\"},{\"@type\":\"ListItem\",\"position\":4,\"name\":\"Flettet Paracord Flaskeholder &#8211; B\u00e6retaske\"}]},{\"@type\":\"WebSite\",\"@id\":\"https:\/\/revomax.auxodev2.dk\/#website\",\"url\":\"https:\/\/revomax.auxodev2.dk\/\",\"name\":\"Revomax\",\"description\":\"\",\"publisher\":{\"@id\":\"https:\/\/revomax.auxodev2.dk\/#organization\"},\"potentialAction\":[{\"@type\":\"SearchAction\",\"target\":{\"@type\":\"EntryPoint\",\"urlTemplate\":\"https:\/\/revomax.auxodev2.dk\/?s={search_term_string}\"},\"query-input\":{\"@type\":\"PropertyValueSpecification\",\"valueRequired\":true,\"valueName\":\"search_term_string\"}}],\"inLanguage\":\"sv-SE\"},{\"@type\":\"Organization\",\"@id\":\"https:\/\/revomax.auxodev2.dk\/#organization\",\"name\":\"Revomax\",\"url\":\"https:\/\/revomax.auxodev2.dk\/\",\"logo\":{\"@type\":\"ImageObject\",\"inLanguage\":\"sv-SE\",\"@id\":\"https:\/\/revomax.auxodev2.dk\/#\/schema\/logo\/image\/\",\"url\":\"https:\/\/revomax.auxodev2.dk\/wp-content\/uploads\/Revomax_Logo_White.png\",\"contentUrl\":\"https:\/\/revomax.auxodev2.dk\/wp-content\/uploads\/Revomax_Logo_White.png\",\"width\":1083,\"height\":235,\"caption\":\"Revomax\"},\"image\":{\"@id\":\"https:\/\/revomax.auxodev2.dk\/#\/schema\/logo\/image\/\"}}]}<\/script>\n<!-- \/ Yoast SEO plugin. -->","yoast_head_json":{"title":"Flettet Paracord Flaskeholder - B\u00e6retaske | Revomax","robots":{"index":"noindex","follow":"follow","max-snippet":"max-snippet:-1","max-image-preview":"max-image-preview:large","max-video-preview":"max-video-preview:-1"},"og_locale":"sv_SE","og_type":"article","og_title":"Flettet Paracord Flaskeholder - B\u00e6retaske | Revomax","og_description":"Forvandl din vandflaskeoplevelse med vores eksklusive, h\u00e5ndlavede paracord b\u00e6retasker, designet specielt til Revomax Disse stilfulde, h\u00e5ndflettede b\u00e6retasker er lavet af h\u00f8j kvalitet faldsk\u00e6rmssnor \/ paracord for perfekt pasform og holdbarhed. Designet g\u00f8r det nemt og komfortabelt at tage din Revomax vandflaske med overalt. Det flettede paracord net design passer til alle Revomax flaske st\u00f8rrelser. Den [&hellip;]","og_url":"https:\/\/revomax.auxodev2.dk\/se\/produkt\/flettet-paracord-flaskeholder-baeretaske\/","og_site_name":"Revomax","article_modified_time":"2025-07-06T07:41:06+00:00","og_image":[{"width":1024,"height":1024,"url":"https:\/\/revomax.auxodev2.dk\/wp-content\/uploads\/Produktbillede08.jpg","type":"image\/jpeg"}],"twitter_card":"summary_large_image","twitter_misc":{"Ber\u00e4knad l\u00e4stid":"1 minut"},"schema":{"@context":"https:\/\/schema.org","@graph":[{"@type":"WebPage","@id":"https:\/\/revomax.auxodev2.dk\/vare\/flettet-paracord-flaskeholder-baeretaske\/","url":"https:\/\/revomax.auxodev2.dk\/vare\/flettet-paracord-flaskeholder-baeretaske\/","name":"Flettet Paracord Flaskeholder - B\u00e6retaske | Revomax","isPartOf":{"@id":"https:\/\/revomax.auxodev2.dk\/#website"},"primaryImageOfPage":{"@id":"https:\/\/revomax.auxodev2.dk\/vare\/flettet-paracord-flaskeholder-baeretaske\/#primaryimage"},"image":{"@id":"https:\/\/revomax.auxodev2.dk\/vare\/flettet-paracord-flaskeholder-baeretaske\/#primaryimage"},"thumbnailUrl":"https:\/\/revomax.auxodev2.dk\/wp-content\/uploads\/20240912_045823200_iOS.jpg","datePublished":"2024-09-11T13:03:44+00:00","dateModified":"2025-07-06T07:41:06+00:00","breadcrumb":{"@id":"https:\/\/revomax.auxodev2.dk\/vare\/flettet-paracord-flaskeholder-baeretaske\/#breadcrumb"},"inLanguage":"sv-SE","potentialAction":[{"@type":"ReadAction","target":["https:\/\/revomax.auxodev2.dk\/vare\/flettet-paracord-flaskeholder-baeretaske\/"]}]},{"@type":"ImageObject","inLanguage":"sv-SE","@id":"https:\/\/revomax.auxodev2.dk\/vare\/flettet-paracord-flaskeholder-baeretaske\/#primaryimage","url":"https:\/\/revomax.auxodev2.dk\/wp-content\/uploads\/20240912_045823200_iOS.jpg","contentUrl":"https:\/\/revomax.auxodev2.dk\/wp-content\/uploads\/20240912_045823200_iOS.jpg","width":591,"height":591},{"@type":"BreadcrumbList","@id":"https:\/\/revomax.auxodev2.dk\/vare\/flettet-paracord-flaskeholder-baeretaske\/#breadcrumb","itemListElement":[{"@type":"ListItem","position":1,"name":"Forside","item":"https:\/\/revomax.auxodev2.dk\/"},{"@type":"ListItem","position":2,"name":"Shop","item":"https:\/\/revomax.auxodev2.dk\/shop\/"},{"@type":"ListItem","position":3,"name":"Tilbeh\u00f8r","item":"https:\/\/revomax.auxodev2.dk\/kategori\/tilbehoer\/"},{"@type":"ListItem","position":4,"name":"Flettet Paracord Flaskeholder &#8211; B\u00e6retaske"}]},{"@type":"WebSite","@id":"https:\/\/revomax.auxodev2.dk\/#website","url":"https:\/\/revomax.auxodev2.dk\/","name":"Revomax","description":"","publisher":{"@id":"https:\/\/revomax.auxodev2.dk\/#organization"},"potentialAction":[{"@type":"SearchAction","target":{"@type":"EntryPoint","urlTemplate":"https:\/\/revomax.auxodev2.dk\/?s={search_term_string}"},"query-input":{"@type":"PropertyValueSpecification","valueRequired":true,"valueName":"search_term_string"}}],"inLanguage":"sv-SE"},{"@type":"Organization","@id":"https:\/\/revomax.auxodev2.dk\/#organization","name":"Revomax","url":"https:\/\/revomax.auxodev2.dk\/","logo":{"@type":"ImageObject","inLanguage":"sv-SE","@id":"https:\/\/revomax.auxodev2.dk\/#\/schema\/logo\/image\/","url":"https:\/\/revomax.auxodev2.dk\/wp-content\/uploads\/Revomax_Logo_White.png","contentUrl":"https:\/\/revomax.auxodev2.dk\/wp-content\/uploads\/Revomax_Logo_White.png","width":1083,"height":235,"caption":"Revomax"},"image":{"@id":"https:\/\/revomax.auxodev2.dk\/#\/schema\/logo\/image\/"}}]}},"_links":{"self":[{"href":"https:\/\/revomax.auxodev2.dk\/se\/wp-json\/wp\/v2\/product\/7461","targetHints":{"allow":["GET"]}}],"collection":[{"href":"https:\/\/revomax.auxodev2.dk\/se\/wp-json\/wp\/v2\/product"}],"about":[{"href":"https:\/\/revomax.auxodev2.dk\/se\/wp-json\/wp\/v2\/types\/product"}],"wp:featuredmedia":[{"embeddable":true,"href":"https:\/\/revomax.auxodev2.dk\/se\/wp-json\/wp\/v2\/media\/8738"}],"wp:attachment":[{"href":"https:\/\/revomax.auxodev2.dk\/se\/wp-json\/wp\/v2\/media?parent=7461"}],"wp:term":[{"taxonomy":"product_brand","embeddable":true,"href":"https:\/\/revomax.auxodev2.dk\/se\/wp-json\/wp\/v2\/product_brand?post=7461"},{"taxonomy":"product_cat","embeddable":true,"href":"https:\/\/revomax.auxodev2.dk\/se\/wp-json\/wp\/v2\/product_cat?post=7461"},{"taxonomy":"product_tag","embeddable":true,"href":"https:\/\/revomax.auxodev2.dk\/se\/wp-json\/wp\/v2\/product_tag?post=7461"}],"curies":[{"name":"wp","href":"https:\/\/api.w.org\/{rel}","templated":true}]}}