{"id":7648,"date":"2024-09-09T09:01:03","date_gmt":"2024-09-09T07:01:03","guid":{"rendered":"https:\/\/revomax.auxodev2.dk\/?post_type=product&#038;p=7648"},"modified":"2025-08-02T20:35:49","modified_gmt":"2025-08-02T18:35:49","slug":"revomax-950ml-fire-extinguisher-termoflaske","status":"publish","type":"product","link":"https:\/\/revomax.auxodev2.dk\/se\/produkt\/revomax-950ml-fire-extinguisher-termoflaske\/","title":{"rendered":"Revomax 950ml - Fire Extinguisher Termoflaska"},"content":{"rendered":"<p><strong>ENKEL \u00d6PPNING OCH L\u00c5SNING AV LOCKET TILL SPORTSUGR\u00d6RET<\/strong><br \/>\n\u00d6ppna och st\u00e4ng locket helt med en hand eller bita i det f\u00f6r att \u00f6ppna sugr\u00f6ret! Revomax brandsl\u00e4ckarflaska Sports Straw-lock \u00e4r utformad med ett fast munstycke som \u00f6ppnas och st\u00e4ngs f\u00f6r att fungera som ett sugr\u00f6r. Ett plastlock skyddar munstycket. L\u00e5smekanismen p\u00e5 toppen av flaskan fungerar ocks\u00e5 som ett handtag f\u00f6r att b\u00e4ra den. V\u00e5rt Sports Straw Lid kan tas is\u00e4r och diskas i diskmaskin och \u00e4r utbytbart mot alla andra f\u00e4rgglada Revomax-lock.<\/p>\n<p><strong>L\u00c5NGVARIG TEMPERATURBEVARANDE<br \/>\n<\/strong>Flaskans dubbelv\u00e4ggiga isolering h\u00e5ller kalla drycker svala i upp till 36 timmar. \u00c5 andra sidan kan den h\u00e5lla kvar v\u00e4rmen i varma drycker i upp till 18 timmar.<\/p>\n<p><strong>TILLBEH\u00d6R<\/strong><br \/>\nAlla v\u00e5ra f\u00e4rgade lock och sportlock passar till modellen Fire Extinguisher och alla andra flaskmodeller och storlekar, utom Pinball-modellen. Stora st\u00f6vlar\/bottnar passar denna flaskmodell.<\/p>","protected":false},"excerpt":{"rendered":"<p>LET \u00c5BNING OG L\u00c5SNING AF SPORTS STRAW L\u00c5GET \u00c5bn og luk l\u00e5get helt med \u00e9n h\u00e5nd, eller bid i det for at \u00e5bne suger\u00f8ret! Revomax Fire Extinguisher flaskens Sports Straw l\u00e5g er designet med et solidt mundstykke som \u00e5bnes og lukkes og fungerer som suger\u00f8r. Et plastik l\u00e5g beskytter mundstykket. L\u00e5se mekanismen oven p\u00e5 flasken [&hellip;]<\/p>","protected":false},"featured_media":6044,"template":"","meta":{"_acf_changed":false},"product_brand":[],"product_cat":[22],"product_tag":[384],"class_list":{"0":"post-7648","1":"product","2":"type-product","3":"status-publish","4":"has-post-thumbnail","6":"product_cat-flasker","7":"product_tag-maengderabat","8":"tm-no-options","10":"first","11":"outofstock","12":"taxable","13":"shipping-taxable","14":"product-type-variable"},"acf":[],"yoast_head":"<!-- This site is optimized with the Yoast SEO plugin v26.9 - https:\/\/yoast.com\/product\/yoast-seo-wordpress\/ -->\n<title>Revomax 950ml - Fire Extinguisher Termoflaske | Revomax<\/title>\n<meta name=\"robots\" content=\"noindex, follow, max-snippet:-1, max-image-preview:large, max-video-preview:-1\" \/>\n<meta property=\"og:locale\" content=\"sv_SE\" \/>\n<meta property=\"og:type\" content=\"article\" \/>\n<meta property=\"og:title\" content=\"Revomax 950ml - Fire Extinguisher Termoflaske | Revomax\" \/>\n<meta property=\"og:description\" content=\"LET \u00c5BNING OG L\u00c5SNING AF SPORTS STRAW L\u00c5GET \u00c5bn og luk l\u00e5get helt med \u00e9n h\u00e5nd, eller bid i det for at \u00e5bne suger\u00f8ret! Revomax Fire Extinguisher flaskens Sports Straw l\u00e5g er designet med et solidt mundstykke som \u00e5bnes og lukkes og fungerer som suger\u00f8r. Et plastik l\u00e5g beskytter mundstykket. L\u00e5se mekanismen oven p\u00e5 flasken [&hellip;]\" \/>\n<meta property=\"og:url\" content=\"https:\/\/revomax.auxodev2.dk\/se\/produkt\/revomax-950ml-fire-extinguisher-termoflaske\/\" \/>\n<meta property=\"og:site_name\" content=\"Revomax\" \/>\n<meta property=\"article:modified_time\" content=\"2025-08-02T18:35:49+00:00\" \/>\n<meta property=\"og:image\" content=\"https:\/\/revomax.auxodev2.dk\/wp-content\/uploads\/950ml-Fire-Stemningsbillede01.jpg\" \/>\n\t<meta property=\"og:image:width\" content=\"800\" \/>\n\t<meta property=\"og:image:height\" content=\"800\" \/>\n\t<meta property=\"og:image:type\" content=\"image\/jpeg\" \/>\n<meta name=\"twitter:card\" content=\"summary_large_image\" \/>\n<meta name=\"twitter:label1\" content=\"Ber\u00e4knad l\u00e4stid\" \/>\n\t<meta name=\"twitter:data1\" content=\"2 minuter\" \/>\n<script type=\"application\/ld+json\" class=\"yoast-schema-graph\">{\"@context\":\"https:\/\/schema.org\",\"@graph\":[{\"@type\":\"WebPage\",\"@id\":\"https:\/\/revomax.auxodev2.dk\/vare\/revomax-950ml-fire-extinguisher-termoflaske\/\",\"url\":\"https:\/\/revomax.auxodev2.dk\/vare\/revomax-950ml-fire-extinguisher-termoflaske\/\",\"name\":\"Revomax 950ml - Fire Extinguisher Termoflaske | Revomax\",\"isPartOf\":{\"@id\":\"https:\/\/revomax.auxodev2.dk\/#website\"},\"primaryImageOfPage\":{\"@id\":\"https:\/\/revomax.auxodev2.dk\/vare\/revomax-950ml-fire-extinguisher-termoflaske\/#primaryimage\"},\"image\":{\"@id\":\"https:\/\/revomax.auxodev2.dk\/vare\/revomax-950ml-fire-extinguisher-termoflaske\/#primaryimage\"},\"thumbnailUrl\":\"https:\/\/revomax.auxodev2.dk\/wp-content\/uploads\/592ml-Fire-Extinguishe-Red-Fire-Extinguisher.png\",\"datePublished\":\"2024-09-09T07:01:03+00:00\",\"dateModified\":\"2025-08-02T18:35:49+00:00\",\"breadcrumb\":{\"@id\":\"https:\/\/revomax.auxodev2.dk\/vare\/revomax-950ml-fire-extinguisher-termoflaske\/#breadcrumb\"},\"inLanguage\":\"sv-SE\",\"potentialAction\":[{\"@type\":\"ReadAction\",\"target\":[\"https:\/\/revomax.auxodev2.dk\/vare\/revomax-950ml-fire-extinguisher-termoflaske\/\"]}]},{\"@type\":\"ImageObject\",\"inLanguage\":\"sv-SE\",\"@id\":\"https:\/\/revomax.auxodev2.dk\/vare\/revomax-950ml-fire-extinguisher-termoflaske\/#primaryimage\",\"url\":\"https:\/\/revomax.auxodev2.dk\/wp-content\/uploads\/592ml-Fire-Extinguishe-Red-Fire-Extinguisher.png\",\"contentUrl\":\"https:\/\/revomax.auxodev2.dk\/wp-content\/uploads\/592ml-Fire-Extinguishe-Red-Fire-Extinguisher.png\",\"width\":1000,\"height\":1000},{\"@type\":\"BreadcrumbList\",\"@id\":\"https:\/\/revomax.auxodev2.dk\/vare\/revomax-950ml-fire-extinguisher-termoflaske\/#breadcrumb\",\"itemListElement\":[{\"@type\":\"ListItem\",\"position\":1,\"name\":\"Forside\",\"item\":\"https:\/\/revomax.auxodev2.dk\/\"},{\"@type\":\"ListItem\",\"position\":2,\"name\":\"Shop\",\"item\":\"https:\/\/revomax.auxodev2.dk\/shop\/\"},{\"@type\":\"ListItem\",\"position\":3,\"name\":\"Flasker\",\"item\":\"https:\/\/revomax.auxodev2.dk\/kategori\/flasker\/\"},{\"@type\":\"ListItem\",\"position\":4,\"name\":\"Revomax 950ml &#8211; Fire Extinguisher Termoflaske\"}]},{\"@type\":\"WebSite\",\"@id\":\"https:\/\/revomax.auxodev2.dk\/#website\",\"url\":\"https:\/\/revomax.auxodev2.dk\/\",\"name\":\"Revomax\",\"description\":\"\",\"publisher\":{\"@id\":\"https:\/\/revomax.auxodev2.dk\/#organization\"},\"potentialAction\":[{\"@type\":\"SearchAction\",\"target\":{\"@type\":\"EntryPoint\",\"urlTemplate\":\"https:\/\/revomax.auxodev2.dk\/?s={search_term_string}\"},\"query-input\":{\"@type\":\"PropertyValueSpecification\",\"valueRequired\":true,\"valueName\":\"search_term_string\"}}],\"inLanguage\":\"sv-SE\"},{\"@type\":\"Organization\",\"@id\":\"https:\/\/revomax.auxodev2.dk\/#organization\",\"name\":\"Revomax\",\"url\":\"https:\/\/revomax.auxodev2.dk\/\",\"logo\":{\"@type\":\"ImageObject\",\"inLanguage\":\"sv-SE\",\"@id\":\"https:\/\/revomax.auxodev2.dk\/#\/schema\/logo\/image\/\",\"url\":\"https:\/\/revomax.auxodev2.dk\/wp-content\/uploads\/Revomax_Logo_White.png\",\"contentUrl\":\"https:\/\/revomax.auxodev2.dk\/wp-content\/uploads\/Revomax_Logo_White.png\",\"width\":1083,\"height\":235,\"caption\":\"Revomax\"},\"image\":{\"@id\":\"https:\/\/revomax.auxodev2.dk\/#\/schema\/logo\/image\/\"}}]}<\/script>\n<!-- \/ Yoast SEO plugin. -->","yoast_head_json":{"title":"Revomax 950ml - Fire Extinguisher Termoflaske | Revomax","robots":{"index":"noindex","follow":"follow","max-snippet":"max-snippet:-1","max-image-preview":"max-image-preview:large","max-video-preview":"max-video-preview:-1"},"og_locale":"sv_SE","og_type":"article","og_title":"Revomax 950ml - Fire Extinguisher Termoflaske | Revomax","og_description":"LET \u00c5BNING OG L\u00c5SNING AF SPORTS STRAW L\u00c5GET \u00c5bn og luk l\u00e5get helt med \u00e9n h\u00e5nd, eller bid i det for at \u00e5bne suger\u00f8ret! Revomax Fire Extinguisher flaskens Sports Straw l\u00e5g er designet med et solidt mundstykke som \u00e5bnes og lukkes og fungerer som suger\u00f8r. Et plastik l\u00e5g beskytter mundstykket. L\u00e5se mekanismen oven p\u00e5 flasken [&hellip;]","og_url":"https:\/\/revomax.auxodev2.dk\/se\/produkt\/revomax-950ml-fire-extinguisher-termoflaske\/","og_site_name":"Revomax","article_modified_time":"2025-08-02T18:35:49+00:00","og_image":[{"width":800,"height":800,"url":"https:\/\/revomax.auxodev2.dk\/wp-content\/uploads\/950ml-Fire-Stemningsbillede01.jpg","type":"image\/jpeg"}],"twitter_card":"summary_large_image","twitter_misc":{"Ber\u00e4knad l\u00e4stid":"2 minuter"},"schema":{"@context":"https:\/\/schema.org","@graph":[{"@type":"WebPage","@id":"https:\/\/revomax.auxodev2.dk\/vare\/revomax-950ml-fire-extinguisher-termoflaske\/","url":"https:\/\/revomax.auxodev2.dk\/vare\/revomax-950ml-fire-extinguisher-termoflaske\/","name":"Revomax 950ml - Fire Extinguisher Termoflaske | Revomax","isPartOf":{"@id":"https:\/\/revomax.auxodev2.dk\/#website"},"primaryImageOfPage":{"@id":"https:\/\/revomax.auxodev2.dk\/vare\/revomax-950ml-fire-extinguisher-termoflaske\/#primaryimage"},"image":{"@id":"https:\/\/revomax.auxodev2.dk\/vare\/revomax-950ml-fire-extinguisher-termoflaske\/#primaryimage"},"thumbnailUrl":"https:\/\/revomax.auxodev2.dk\/wp-content\/uploads\/592ml-Fire-Extinguishe-Red-Fire-Extinguisher.png","datePublished":"2024-09-09T07:01:03+00:00","dateModified":"2025-08-02T18:35:49+00:00","breadcrumb":{"@id":"https:\/\/revomax.auxodev2.dk\/vare\/revomax-950ml-fire-extinguisher-termoflaske\/#breadcrumb"},"inLanguage":"sv-SE","potentialAction":[{"@type":"ReadAction","target":["https:\/\/revomax.auxodev2.dk\/vare\/revomax-950ml-fire-extinguisher-termoflaske\/"]}]},{"@type":"ImageObject","inLanguage":"sv-SE","@id":"https:\/\/revomax.auxodev2.dk\/vare\/revomax-950ml-fire-extinguisher-termoflaske\/#primaryimage","url":"https:\/\/revomax.auxodev2.dk\/wp-content\/uploads\/592ml-Fire-Extinguishe-Red-Fire-Extinguisher.png","contentUrl":"https:\/\/revomax.auxodev2.dk\/wp-content\/uploads\/592ml-Fire-Extinguishe-Red-Fire-Extinguisher.png","width":1000,"height":1000},{"@type":"BreadcrumbList","@id":"https:\/\/revomax.auxodev2.dk\/vare\/revomax-950ml-fire-extinguisher-termoflaske\/#breadcrumb","itemListElement":[{"@type":"ListItem","position":1,"name":"Forside","item":"https:\/\/revomax.auxodev2.dk\/"},{"@type":"ListItem","position":2,"name":"Shop","item":"https:\/\/revomax.auxodev2.dk\/shop\/"},{"@type":"ListItem","position":3,"name":"Flasker","item":"https:\/\/revomax.auxodev2.dk\/kategori\/flasker\/"},{"@type":"ListItem","position":4,"name":"Revomax 950ml &#8211; Fire Extinguisher Termoflaske"}]},{"@type":"WebSite","@id":"https:\/\/revomax.auxodev2.dk\/#website","url":"https:\/\/revomax.auxodev2.dk\/","name":"Revomax","description":"","publisher":{"@id":"https:\/\/revomax.auxodev2.dk\/#organization"},"potentialAction":[{"@type":"SearchAction","target":{"@type":"EntryPoint","urlTemplate":"https:\/\/revomax.auxodev2.dk\/?s={search_term_string}"},"query-input":{"@type":"PropertyValueSpecification","valueRequired":true,"valueName":"search_term_string"}}],"inLanguage":"sv-SE"},{"@type":"Organization","@id":"https:\/\/revomax.auxodev2.dk\/#organization","name":"Revomax","url":"https:\/\/revomax.auxodev2.dk\/","logo":{"@type":"ImageObject","inLanguage":"sv-SE","@id":"https:\/\/revomax.auxodev2.dk\/#\/schema\/logo\/image\/","url":"https:\/\/revomax.auxodev2.dk\/wp-content\/uploads\/Revomax_Logo_White.png","contentUrl":"https:\/\/revomax.auxodev2.dk\/wp-content\/uploads\/Revomax_Logo_White.png","width":1083,"height":235,"caption":"Revomax"},"image":{"@id":"https:\/\/revomax.auxodev2.dk\/#\/schema\/logo\/image\/"}}]}},"_links":{"self":[{"href":"https:\/\/revomax.auxodev2.dk\/se\/wp-json\/wp\/v2\/product\/7648","targetHints":{"allow":["GET"]}}],"collection":[{"href":"https:\/\/revomax.auxodev2.dk\/se\/wp-json\/wp\/v2\/product"}],"about":[{"href":"https:\/\/revomax.auxodev2.dk\/se\/wp-json\/wp\/v2\/types\/product"}],"wp:featuredmedia":[{"embeddable":true,"href":"https:\/\/revomax.auxodev2.dk\/se\/wp-json\/wp\/v2\/media\/6044"}],"wp:attachment":[{"href":"https:\/\/revomax.auxodev2.dk\/se\/wp-json\/wp\/v2\/media?parent=7648"}],"wp:term":[{"taxonomy":"product_brand","embeddable":true,"href":"https:\/\/revomax.auxodev2.dk\/se\/wp-json\/wp\/v2\/product_brand?post=7648"},{"taxonomy":"product_cat","embeddable":true,"href":"https:\/\/revomax.auxodev2.dk\/se\/wp-json\/wp\/v2\/product_cat?post=7648"},{"taxonomy":"product_tag","embeddable":true,"href":"https:\/\/revomax.auxodev2.dk\/se\/wp-json\/wp\/v2\/product_tag?post=7648"}],"curies":[{"name":"wp","href":"https:\/\/api.w.org\/{rel}","templated":true}]}}